{"id":1549,"date":"2017-06-22T09:37:14","date_gmt":"2017-06-22T09:37:14","guid":{"rendered":"http:\/\/www.kw-pleissenburg.de\/?page_id=1549"},"modified":"2017-06-26T12:38:10","modified_gmt":"2017-06-26T12:38:10","slug":"2014-2","status":"publish","type":"page","link":"https:\/\/www.kw-pleissenburg.de\/?page_id=1549","title":{"rendered":"2014"},"content":{"rendered":"<p><strong>Februar<\/strong><\/p>\n<p>Schon Tradition: Kuhle Wampe auf der Motorradmesse TWIN Leipzig. Auch wenn die Messe schrumpft, unser Stand wird gr\u00f6\u00dfer und bunter mit jedem mal. F\u00fcr euch einen kleinen Artikel aus der Megaphon 1\/2014.<\/p>\n<p><a href=\"http:\/\/www.kw-pleissenburg.de\/wp-content\/uploads\/2014\/03\/IMGP2001.jpg\"><img loading=\"lazy\" decoding=\"async\" src=\"http:\/\/www.kw-pleissenburg.de\/wp-content\/uploads\/2014\/03\/IMGP2001-1024x768.jpg\" alt=\"IMGP2001\" width=\"480\" height=\"360\" class=\"aligncenter size-large wp-image-801\" srcset=\"https:\/\/www.kw-pleissenburg.de\/wp-content\/uploads\/2014\/03\/IMGP2001-1024x768.jpg 1024w, https:\/\/www.kw-pleissenburg.de\/wp-content\/uploads\/2014\/03\/IMGP2001-300x224.jpg 300w\" sizes=\"auto, (max-width: 480px) 100vw, 480px\" \/><\/a><\/p>\n<p><a href=\"http:\/\/www.kw-pleissenburg.de\/wp-content\/uploads\/2014\/03\/IMGP1996.jpg\"><img loading=\"lazy\" decoding=\"async\" src=\"http:\/\/www.kw-pleissenburg.de\/wp-content\/uploads\/2014\/03\/IMGP1996-1024x768.jpg\" alt=\"IMGP1996\" width=\"480\" height=\"360\" class=\"aligncenter size-large wp-image-798\" srcset=\"https:\/\/www.kw-pleissenburg.de\/wp-content\/uploads\/2014\/03\/IMGP1996-1024x768.jpg 1024w, https:\/\/www.kw-pleissenburg.de\/wp-content\/uploads\/2014\/03\/IMGP1996-300x224.jpg 300w\" sizes=\"auto, (max-width: 480px) 100vw, 480px\" \/><\/a><\/p>\n<p><a href=\"http:\/\/www.kw-pleissenburg.de\/wp-content\/uploads\/2017\/06\/messe_2014_01.png\"><img loading=\"lazy\" decoding=\"async\" src=\"http:\/\/www.kw-pleissenburg.de\/wp-content\/uploads\/2017\/06\/messe_2014_01-789x1024.png\" alt=\"messe_2014_01\" width=\"480\" height=\"623\" class=\"aligncenter size-large wp-image-1720\" srcset=\"https:\/\/www.kw-pleissenburg.de\/wp-content\/uploads\/2017\/06\/messe_2014_01-789x1024.png 789w, https:\/\/www.kw-pleissenburg.de\/wp-content\/uploads\/2017\/06\/messe_2014_01-231x300.png 231w, https:\/\/www.kw-pleissenburg.de\/wp-content\/uploads\/2017\/06\/messe_2014_01.png 1240w\" sizes=\"auto, (max-width: 480px) 100vw, 480px\" \/><\/a><\/p>\n<p><a href=\"http:\/\/www.kw-pleissenburg.de\/wp-content\/uploads\/2017\/06\/messe_2014_02.png\"><img loading=\"lazy\" decoding=\"async\" src=\"http:\/\/www.kw-pleissenburg.de\/wp-content\/uploads\/2017\/06\/messe_2014_02-770x1024.png\" alt=\"messe_2014_02\" width=\"480\" height=\"638\" class=\"aligncenter size-large wp-image-1721\" srcset=\"https:\/\/www.kw-pleissenburg.de\/wp-content\/uploads\/2017\/06\/messe_2014_02-770x1024.png 770w, https:\/\/www.kw-pleissenburg.de\/wp-content\/uploads\/2017\/06\/messe_2014_02-225x300.png 225w, https:\/\/www.kw-pleissenburg.de\/wp-content\/uploads\/2017\/06\/messe_2014_02.png 1198w\" sizes=\"auto, (max-width: 480px) 100vw, 480px\" \/><\/a><\/p>\n<p>&nbsp;<\/p>\n<p><strong>Pinguintreffen<br \/>\n<\/strong><br \/>\nDer Pinguin wird dieses Jahr von unserem Matthew in Seegrehna bei Wittenberg ausgerichtet. Viele der wackeren Winterfahrer kommen zu Besuch und lassen sich bei winterlichen Temperaturen Gl\u00fchwein und Suppe schmecken. Danke an Muffel f\u00fcr die Bilder!<\/p>\n<p><a href=\"http:\/\/www.kw-pleissenburg.de\/wp-content\/uploads\/2017\/06\/pinguin_04.png\"><img loading=\"lazy\" decoding=\"async\" src=\"http:\/\/www.kw-pleissenburg.de\/wp-content\/uploads\/2017\/06\/pinguin_04.png\" alt=\"pinguin_04\" width=\"480\" height=\"359\" class=\"aligncenter size-large wp-image-1729\" srcset=\"https:\/\/www.kw-pleissenburg.de\/wp-content\/uploads\/2017\/06\/pinguin_04.png 850w, https:\/\/www.kw-pleissenburg.de\/wp-content\/uploads\/2017\/06\/pinguin_04-300x224.png 300w\" sizes=\"auto, (max-width: 480px) 100vw, 480px\" \/><\/a><\/p>\n<p><a href=\"http:\/\/www.kw-pleissenburg.de\/wp-content\/uploads\/2017\/06\/pinguin_03.png\"><img loading=\"lazy\" decoding=\"async\" src=\"http:\/\/www.kw-pleissenburg.de\/wp-content\/uploads\/2017\/06\/pinguin_03.png\" alt=\"pinguin_03\" width=\"480\" height=\"361\" class=\"aligncenter size-large wp-image-1728\" srcset=\"https:\/\/www.kw-pleissenburg.de\/wp-content\/uploads\/2017\/06\/pinguin_03.png 849w, https:\/\/www.kw-pleissenburg.de\/wp-content\/uploads\/2017\/06\/pinguin_03-300x225.png 300w\" sizes=\"auto, (max-width: 480px) 100vw, 480px\" \/><\/a><\/p>\n<p><a href=\"http:\/\/www.kw-pleissenburg.de\/wp-content\/uploads\/2017\/06\/pinguin_02.png\"><img loading=\"lazy\" decoding=\"async\" src=\"http:\/\/www.kw-pleissenburg.de\/wp-content\/uploads\/2017\/06\/pinguin_02.png\" alt=\"pinguin_02\" width=\"480\" height=\"360\" class=\"aligncenter size-large wp-image-1727\" srcset=\"https:\/\/www.kw-pleissenburg.de\/wp-content\/uploads\/2017\/06\/pinguin_02.png 851w, https:\/\/www.kw-pleissenburg.de\/wp-content\/uploads\/2017\/06\/pinguin_02-300x225.png 300w\" sizes=\"auto, (max-width: 480px) 100vw, 480px\" \/><\/a><\/p>\n<p><a href=\"http:\/\/www.kw-pleissenburg.de\/wp-content\/uploads\/2017\/06\/pinguin_01.png\"><img loading=\"lazy\" decoding=\"async\" src=\"http:\/\/www.kw-pleissenburg.de\/wp-content\/uploads\/2017\/06\/pinguin_01.png\" alt=\"pinguin_01\" width=\"848\" height=\"477\" class=\"aligncenter size-full wp-image-1726\" srcset=\"https:\/\/www.kw-pleissenburg.de\/wp-content\/uploads\/2017\/06\/pinguin_01.png 848w, https:\/\/www.kw-pleissenburg.de\/wp-content\/uploads\/2017\/06\/pinguin_01-300x169.png 300w\" sizes=\"auto, (max-width: 848px) 100vw, 848px\" \/><\/a><\/p>\n<p><a href=\"http:\/\/www.kw-pleissenburg.de\/wp-content\/uploads\/2017\/06\/pinguin_05.png\"><img loading=\"lazy\" decoding=\"async\" src=\"http:\/\/www.kw-pleissenburg.de\/wp-content\/uploads\/2017\/06\/pinguin_05.png\" alt=\"pinguin_05\" width=\"846\" height=\"636\" class=\"aligncenter size-full wp-image-1730\" srcset=\"https:\/\/www.kw-pleissenburg.de\/wp-content\/uploads\/2017\/06\/pinguin_05.png 846w, https:\/\/www.kw-pleissenburg.de\/wp-content\/uploads\/2017\/06\/pinguin_05-300x226.png 300w\" sizes=\"auto, (max-width: 846px) 100vw, 846px\" \/><\/a><\/p>\n<p>&nbsp;<\/p>\n<p><strong>Mai<\/strong><\/p>\n<p><strong>Europ\u00e4ischer Aktionstag gegen Sozialdumping<br \/>\n<\/strong><\/p>\n<p>Mal wieder verirrten sich Leipziger Wampen in die Hauptstadt um gegen soziale Ungerechtigkeit auf die Stra\u00dfe zu gehen &#8211; oder zu fahren.<\/p>\n<p><a href=\"http:\/\/www.kw-pleissenburg.de\/wp-content\/uploads\/2017\/06\/sozial_01.png\"><img loading=\"lazy\" decoding=\"async\" src=\"http:\/\/www.kw-pleissenburg.de\/wp-content\/uploads\/2017\/06\/sozial_01.png\" alt=\"sozial_01\" width=\"846\" height=\"639\" class=\"aligncenter size-full wp-image-1733\" srcset=\"https:\/\/www.kw-pleissenburg.de\/wp-content\/uploads\/2017\/06\/sozial_01.png 846w, https:\/\/www.kw-pleissenburg.de\/wp-content\/uploads\/2017\/06\/sozial_01-300x227.png 300w\" sizes=\"auto, (max-width: 846px) 100vw, 846px\" \/><\/a><\/p>\n<p><a href=\"http:\/\/www.kw-pleissenburg.de\/wp-content\/uploads\/2017\/06\/sozial_02.png\"><img loading=\"lazy\" decoding=\"async\" src=\"http:\/\/www.kw-pleissenburg.de\/wp-content\/uploads\/2017\/06\/sozial_02.png\" alt=\"sozial_02\" width=\"851\" height=\"636\" class=\"aligncenter size-full wp-image-1734\" srcset=\"https:\/\/www.kw-pleissenburg.de\/wp-content\/uploads\/2017\/06\/sozial_02.png 851w, https:\/\/www.kw-pleissenburg.de\/wp-content\/uploads\/2017\/06\/sozial_02-300x224.png 300w\" sizes=\"auto, (max-width: 851px) 100vw, 851px\" \/><\/a><\/p>\n<p><a href=\"http:\/\/www.kw-pleissenburg.de\/wp-content\/uploads\/2017\/06\/sozial_03.png\"><img loading=\"lazy\" decoding=\"async\" src=\"http:\/\/www.kw-pleissenburg.de\/wp-content\/uploads\/2017\/06\/sozial_03.png\" alt=\"sozial_03\" width=\"849\" height=\"635\" class=\"aligncenter size-full wp-image-1735\" srcset=\"https:\/\/www.kw-pleissenburg.de\/wp-content\/uploads\/2017\/06\/sozial_03.png 849w, https:\/\/www.kw-pleissenburg.de\/wp-content\/uploads\/2017\/06\/sozial_03-300x224.png 300w\" sizes=\"auto, (max-width: 849px) 100vw, 849px\" \/><\/a><\/p>\n<p>&nbsp;<\/p>\n<p><strong>Fahrsicherheitstraining<\/strong><\/p>\n<p>Auch wir k\u00f6nnen noch was dazulernen. Deswegen haben wir an einem durchaus lehrreichen ADAC-Sicherheitstraining teilgenommen. Trotzdem hoffen wir, dass uns einige der Situationen auf der Stra\u00dfe erspart bleiben.<\/p>\n<p><a href=\"http:\/\/www.kw-pleissenburg.de\/wp-content\/uploads\/2017\/06\/adac_01.png\"><img loading=\"lazy\" decoding=\"async\" src=\"http:\/\/www.kw-pleissenburg.de\/wp-content\/uploads\/2017\/06\/adac_01.png\" alt=\"adac_01\" width=\"846\" height=\"635\" class=\"aligncenter size-full wp-image-1739\" srcset=\"https:\/\/www.kw-pleissenburg.de\/wp-content\/uploads\/2017\/06\/adac_01.png 846w, https:\/\/www.kw-pleissenburg.de\/wp-content\/uploads\/2017\/06\/adac_01-300x225.png 300w\" sizes=\"auto, (max-width: 846px) 100vw, 846px\" \/><\/a><\/p>\n<p><a href=\"http:\/\/www.kw-pleissenburg.de\/wp-content\/uploads\/2017\/06\/adac_02.png\"><img loading=\"lazy\" decoding=\"async\" src=\"http:\/\/www.kw-pleissenburg.de\/wp-content\/uploads\/2017\/06\/adac_02.png\" alt=\"adac_02\" width=\"845\" height=\"638\" class=\"aligncenter size-full wp-image-1740\" srcset=\"https:\/\/www.kw-pleissenburg.de\/wp-content\/uploads\/2017\/06\/adac_02.png 845w, https:\/\/www.kw-pleissenburg.de\/wp-content\/uploads\/2017\/06\/adac_02-300x227.png 300w\" sizes=\"auto, (max-width: 845px) 100vw, 845px\" \/><\/a><\/p>\n<p><a href=\"http:\/\/www.kw-pleissenburg.de\/wp-content\/uploads\/2017\/06\/adac_03.png\"><img loading=\"lazy\" decoding=\"async\" src=\"http:\/\/www.kw-pleissenburg.de\/wp-content\/uploads\/2017\/06\/adac_03.png\" alt=\"adac_03\" width=\"846\" height=\"634\" class=\"aligncenter size-full wp-image-1738\" srcset=\"https:\/\/www.kw-pleissenburg.de\/wp-content\/uploads\/2017\/06\/adac_03.png 846w, https:\/\/www.kw-pleissenburg.de\/wp-content\/uploads\/2017\/06\/adac_03-300x225.png 300w\" sizes=\"auto, (max-width: 846px) 100vw, 846px\" \/><\/a><\/p>\n<p>&nbsp;<\/p>\n<p><strong>Juni<\/strong><\/p>\n<p><strong>Lapplandtreffen<\/strong><\/p>\n<p>Unser n\u00f6rdlichster Au\u00dfenposten wird besucht \u2013 das einzigartige Lapplandtreffen bei unserer Nicole in Schweden. N\u00f6rdlicher hat sich noch keine unserer Wampen gewagt. Ein sehr sch\u00f6nes Treffen mit Wampen aus dem gesamten Verband.<\/p>\n<p><a href=\"https:\/\/www.kuhle-wampe.de\/nach-norden\/?pid=981\" title=\"Lapplandtreffen\" target=\"_blank\">Lapplandtreffen auf der Verbandsseite der Kuhlen Wampe<br \/>\n<\/a><\/p>\n<p><a href=\"http:\/\/www.kw-pleissenburg.de\/wp-content\/uploads\/2017\/06\/lappland_01.png\"><img loading=\"lazy\" decoding=\"async\" src=\"http:\/\/www.kw-pleissenburg.de\/wp-content\/uploads\/2017\/06\/lappland_01.png\" alt=\"lappland_01\" width=\"848\" height=\"570\" class=\"aligncenter size-full wp-image-1744\" srcset=\"https:\/\/www.kw-pleissenburg.de\/wp-content\/uploads\/2017\/06\/lappland_01.png 848w, https:\/\/www.kw-pleissenburg.de\/wp-content\/uploads\/2017\/06\/lappland_01-300x202.png 300w\" sizes=\"auto, (max-width: 848px) 100vw, 848px\" \/><\/a><\/p>\n<p><a href=\"http:\/\/www.kw-pleissenburg.de\/wp-content\/uploads\/2017\/06\/lappland_02.png\"><img loading=\"lazy\" decoding=\"async\" src=\"http:\/\/www.kw-pleissenburg.de\/wp-content\/uploads\/2017\/06\/lappland_02.png\" alt=\"lappland_02\" width=\"848\" height=\"568\" class=\"aligncenter size-full wp-image-1745\" srcset=\"https:\/\/www.kw-pleissenburg.de\/wp-content\/uploads\/2017\/06\/lappland_02.png 848w, https:\/\/www.kw-pleissenburg.de\/wp-content\/uploads\/2017\/06\/lappland_02-300x201.png 300w\" sizes=\"auto, (max-width: 848px) 100vw, 848px\" \/><\/a><\/p>\n<p><a href=\"http:\/\/www.kw-pleissenburg.de\/wp-content\/uploads\/2017\/06\/lappland_03.png\"><img loading=\"lazy\" decoding=\"async\" src=\"http:\/\/www.kw-pleissenburg.de\/wp-content\/uploads\/2017\/06\/lappland_03-765x1024.png\" alt=\"lappland_03\" width=\"480\" height=\"643\" class=\"aligncenter size-large wp-image-1746\" srcset=\"https:\/\/www.kw-pleissenburg.de\/wp-content\/uploads\/2017\/06\/lappland_03-765x1024.png 765w, https:\/\/www.kw-pleissenburg.de\/wp-content\/uploads\/2017\/06\/lappland_03-224x300.png 224w, https:\/\/www.kw-pleissenburg.de\/wp-content\/uploads\/2017\/06\/lappland_03.png 846w\" sizes=\"auto, (max-width: 480px) 100vw, 480px\" \/><\/a><\/p>\n<p><a href=\"http:\/\/www.kw-pleissenburg.de\/wp-content\/uploads\/2017\/06\/lappland_04.png\"><img loading=\"lazy\" decoding=\"async\" src=\"http:\/\/www.kw-pleissenburg.de\/wp-content\/uploads\/2017\/06\/lappland_04-771x1024.png\" alt=\"lappland_04\" width=\"480\" height=\"638\" class=\"aligncenter size-large wp-image-1747\" srcset=\"https:\/\/www.kw-pleissenburg.de\/wp-content\/uploads\/2017\/06\/lappland_04-771x1024.png 771w, https:\/\/www.kw-pleissenburg.de\/wp-content\/uploads\/2017\/06\/lappland_04-226x300.png 226w, https:\/\/www.kw-pleissenburg.de\/wp-content\/uploads\/2017\/06\/lappland_04.png 851w\" sizes=\"auto, (max-width: 480px) 100vw, 480px\" \/><\/a><\/p>\n<p><a href=\"http:\/\/www.kw-pleissenburg.de\/wp-content\/uploads\/2017\/06\/lappland_05.png\"><img loading=\"lazy\" decoding=\"async\" src=\"http:\/\/www.kw-pleissenburg.de\/wp-content\/uploads\/2017\/06\/lappland_05.png\" alt=\"lappland_05\" width=\"848\" height=\"570\" class=\"aligncenter size-full wp-image-1748\" srcset=\"https:\/\/www.kw-pleissenburg.de\/wp-content\/uploads\/2017\/06\/lappland_05.png 848w, https:\/\/www.kw-pleissenburg.de\/wp-content\/uploads\/2017\/06\/lappland_05-300x202.png 300w\" sizes=\"auto, (max-width: 848px) 100vw, 848px\" \/><\/a><\/p>\n<p><a href=\"http:\/\/www.kw-pleissenburg.de\/wp-content\/uploads\/2017\/06\/lappland_06.png\"><img loading=\"lazy\" decoding=\"async\" src=\"http:\/\/www.kw-pleissenburg.de\/wp-content\/uploads\/2017\/06\/lappland_06.png\" alt=\"lappland_06\" width=\"849\" height=\"569\" class=\"aligncenter size-full wp-image-1749\" srcset=\"https:\/\/www.kw-pleissenburg.de\/wp-content\/uploads\/2017\/06\/lappland_06.png 849w, https:\/\/www.kw-pleissenburg.de\/wp-content\/uploads\/2017\/06\/lappland_06-300x201.png 300w\" sizes=\"auto, (max-width: 849px) 100vw, 849px\" \/><\/a><\/p>\n<p><a href=\"http:\/\/www.kw-pleissenburg.de\/wp-content\/uploads\/2017\/06\/lappland_07.png\"><img loading=\"lazy\" decoding=\"async\" src=\"http:\/\/www.kw-pleissenburg.de\/wp-content\/uploads\/2017\/06\/lappland_07.png\" alt=\"lappland_07\" width=\"851\" height=\"570\" class=\"aligncenter size-full wp-image-1750\" srcset=\"https:\/\/www.kw-pleissenburg.de\/wp-content\/uploads\/2017\/06\/lappland_07.png 851w, https:\/\/www.kw-pleissenburg.de\/wp-content\/uploads\/2017\/06\/lappland_07-300x201.png 300w\" sizes=\"auto, (max-width: 851px) 100vw, 851px\" \/><\/a><\/p>\n<p>&nbsp;<\/p>\n<p><strong>Kinderheimausfahrt in Biesen<\/strong><\/p>\n<p>P\u00fcnktlich zum Kindertag freuen sich die kleinen Racker aus dem Kinderheim in Biesen auf die Ausfahrt mit uns und dem MZ-Forum durch das Leipziger Umland. Herrlich dieses Gl\u00e4nzen in den Kinderaugen!<\/p>\n<p><a href=\"http:\/\/www.kw-pleissenburg.de\/wp-content\/uploads\/2014\/06\/f7t393p4074n2.jpg\"><img loading=\"lazy\" decoding=\"async\" src=\"http:\/\/www.kw-pleissenburg.de\/wp-content\/uploads\/2014\/06\/f7t393p4074n2-1024x805.jpg\" alt=\"f7t393p4074n2\" width=\"480\" height=\"377\" class=\"aligncenter size-large wp-image-962\" srcset=\"https:\/\/www.kw-pleissenburg.de\/wp-content\/uploads\/2014\/06\/f7t393p4074n2-1024x805.jpg 1024w, https:\/\/www.kw-pleissenburg.de\/wp-content\/uploads\/2014\/06\/f7t393p4074n2-300x235.jpg 300w\" sizes=\"auto, (max-width: 480px) 100vw, 480px\" \/><\/a><\/p>\n<p><a href=\"http:\/\/www.kw-pleissenburg.de\/wp-content\/uploads\/2017\/06\/biesen2014_02.png\"><img loading=\"lazy\" decoding=\"async\" src=\"http:\/\/www.kw-pleissenburg.de\/wp-content\/uploads\/2017\/06\/biesen2014_02.png\" alt=\"biesen2014_02\" width=\"849\" height=\"568\" class=\"aligncenter size-full wp-image-1756\" srcset=\"https:\/\/www.kw-pleissenburg.de\/wp-content\/uploads\/2017\/06\/biesen2014_02.png 849w, https:\/\/www.kw-pleissenburg.de\/wp-content\/uploads\/2017\/06\/biesen2014_02-300x201.png 300w\" sizes=\"auto, (max-width: 849px) 100vw, 849px\" \/><\/a><\/p>\n<p><a href=\"http:\/\/www.kw-pleissenburg.de\/wp-content\/uploads\/2017\/06\/biesen2014_01.png\"><img loading=\"lazy\" decoding=\"async\" src=\"http:\/\/www.kw-pleissenburg.de\/wp-content\/uploads\/2017\/06\/biesen2014_01.png\" alt=\"biesen2014_01\" width=\"480\" height=\"320\" class=\"aligncenter size-large wp-image-1755\" srcset=\"https:\/\/www.kw-pleissenburg.de\/wp-content\/uploads\/2017\/06\/biesen2014_01.png 849w, https:\/\/www.kw-pleissenburg.de\/wp-content\/uploads\/2017\/06\/biesen2014_01-300x200.png 300w\" sizes=\"auto, (max-width: 480px) 100vw, 480px\" \/><\/a><\/p>\n<p><a href=\"http:\/\/www.kw-pleissenburg.de\/wp-content\/uploads\/2017\/06\/biesen2014_03.png\"><img loading=\"lazy\" decoding=\"async\" src=\"http:\/\/www.kw-pleissenburg.de\/wp-content\/uploads\/2017\/06\/biesen2014_03-681x1024.png\" alt=\"biesen2014_03\" width=\"480\" height=\"722\" class=\"aligncenter size-large wp-image-1754\" srcset=\"https:\/\/www.kw-pleissenburg.de\/wp-content\/uploads\/2017\/06\/biesen2014_03-681x1024.png 681w, https:\/\/www.kw-pleissenburg.de\/wp-content\/uploads\/2017\/06\/biesen2014_03-200x300.png 200w, https:\/\/www.kw-pleissenburg.de\/wp-content\/uploads\/2017\/06\/biesen2014_03.png 799w\" sizes=\"auto, (max-width: 480px) 100vw, 480px\" \/><\/a><\/p>\n<p>&nbsp;<\/p>\n<p><strong>22. L\u00f6wenparty<\/strong><\/p>\n<p>L\u00f6wenparty! Aber was f\u00fcr eine: Die Ausfahrt geht zum Geburtstagsfussballderbie vom Roten Stern Leipzig. Dort fahren wir die Halbzeitsensation S.U.F.F. auf\u2019s Feld. Die gef\u00fchlten 40\u00b0C sorgen allerdings daf\u00fcr, dass die Ausfahrtsgemeinde zur\u00fcck lieber schnell wieder ins k\u00fchle Nass der blauen Adria will. Zum Gl\u00fcck haben wir die Wasserrutsche! Nicht zu vergessen: Unsere Familie ist wieder gewachsen.<\/p>\n<p><a href=\"http:\/\/www.kw-pleissenburg.de\/wp-content\/uploads\/2017\/06\/loewe2014_02.png\"><img loading=\"lazy\" decoding=\"async\" src=\"http:\/\/www.kw-pleissenburg.de\/wp-content\/uploads\/2017\/06\/loewe2014_02.png\" alt=\"loewe2014_02\" width=\"848\" height=\"565\" class=\"aligncenter size-full wp-image-1765\" srcset=\"https:\/\/www.kw-pleissenburg.de\/wp-content\/uploads\/2017\/06\/loewe2014_02.png 848w, https:\/\/www.kw-pleissenburg.de\/wp-content\/uploads\/2017\/06\/loewe2014_02-300x200.png 300w\" sizes=\"auto, (max-width: 848px) 100vw, 848px\" \/><\/a><\/p>\n<p><a href=\"http:\/\/www.kw-pleissenburg.de\/wp-content\/uploads\/2017\/06\/loewe2014_01.png\"><img loading=\"lazy\" decoding=\"async\" src=\"http:\/\/www.kw-pleissenburg.de\/wp-content\/uploads\/2017\/06\/loewe2014_01.png\" alt=\"loewe2014_01\" width=\"480\" height=\"320\" class=\"aligncenter size-large wp-image-1764\" srcset=\"https:\/\/www.kw-pleissenburg.de\/wp-content\/uploads\/2017\/06\/loewe2014_01.png 848w, https:\/\/www.kw-pleissenburg.de\/wp-content\/uploads\/2017\/06\/loewe2014_01-300x200.png 300w\" sizes=\"auto, (max-width: 480px) 100vw, 480px\" \/><\/a><\/p>\n<p><a href=\"http:\/\/www.kw-pleissenburg.de\/wp-content\/uploads\/2017\/06\/loewe2014_04.png\"><img loading=\"lazy\" decoding=\"async\" src=\"http:\/\/www.kw-pleissenburg.de\/wp-content\/uploads\/2017\/06\/loewe2014_04.png\" alt=\"loewe2014_04\" width=\"480\" height=\"361\" class=\"aligncenter size-large wp-image-1760\" srcset=\"https:\/\/www.kw-pleissenburg.de\/wp-content\/uploads\/2017\/06\/loewe2014_04.png 849w, https:\/\/www.kw-pleissenburg.de\/wp-content\/uploads\/2017\/06\/loewe2014_04-300x225.png 300w\" sizes=\"auto, (max-width: 480px) 100vw, 480px\" \/><\/a><\/p>\n<p><a href=\"http:\/\/www.kw-pleissenburg.de\/wp-content\/uploads\/2017\/06\/loewe2014_03.png\"><img loading=\"lazy\" decoding=\"async\" src=\"http:\/\/www.kw-pleissenburg.de\/wp-content\/uploads\/2017\/06\/loewe2014_03.png\" alt=\"loewe2014_03\" width=\"849\" height=\"565\" class=\"aligncenter size-full wp-image-1759\" srcset=\"https:\/\/www.kw-pleissenburg.de\/wp-content\/uploads\/2017\/06\/loewe2014_03.png 849w, https:\/\/www.kw-pleissenburg.de\/wp-content\/uploads\/2017\/06\/loewe2014_03-300x200.png 300w\" sizes=\"auto, (max-width: 849px) 100vw, 849px\" \/><\/a><\/p>\n<p><a href=\"http:\/\/www.kw-pleissenburg.de\/wp-content\/uploads\/2017\/06\/loewe2014_07.png\"><img loading=\"lazy\" decoding=\"async\" src=\"http:\/\/www.kw-pleissenburg.de\/wp-content\/uploads\/2017\/06\/loewe2014_07.png\" alt=\"loewe2014_07\" width=\"480\" height=\"320\" class=\"aligncenter size-large wp-image-1763\" srcset=\"https:\/\/www.kw-pleissenburg.de\/wp-content\/uploads\/2017\/06\/loewe2014_07.png 848w, https:\/\/www.kw-pleissenburg.de\/wp-content\/uploads\/2017\/06\/loewe2014_07-300x200.png 300w\" sizes=\"auto, (max-width: 480px) 100vw, 480px\" \/><\/a><\/p>\n<p><a href=\"http:\/\/www.kw-pleissenburg.de\/wp-content\/uploads\/2017\/06\/loewe2014_06.png\"><img loading=\"lazy\" decoding=\"async\" src=\"http:\/\/www.kw-pleissenburg.de\/wp-content\/uploads\/2017\/06\/loewe2014_06.png\" alt=\"loewe2014_06\" width=\"480\" height=\"321\" class=\"aligncenter size-large wp-image-1762\" srcset=\"https:\/\/www.kw-pleissenburg.de\/wp-content\/uploads\/2017\/06\/loewe2014_06.png 850w, https:\/\/www.kw-pleissenburg.de\/wp-content\/uploads\/2017\/06\/loewe2014_06-300x200.png 300w\" sizes=\"auto, (max-width: 480px) 100vw, 480px\" \/><\/a><\/p>\n<p><a href=\"http:\/\/www.kw-pleissenburg.de\/wp-content\/uploads\/2017\/06\/loewe2014_05.png\"><img loading=\"lazy\" decoding=\"async\" src=\"http:\/\/www.kw-pleissenburg.de\/wp-content\/uploads\/2017\/06\/loewe2014_05.png\" alt=\"loewe2014_05\" width=\"480\" height=\"269\" class=\"aligncenter size-large wp-image-1761\" srcset=\"https:\/\/www.kw-pleissenburg.de\/wp-content\/uploads\/2017\/06\/loewe2014_05.png 849w, https:\/\/www.kw-pleissenburg.de\/wp-content\/uploads\/2017\/06\/loewe2014_05-300x168.png 300w\" sizes=\"auto, (max-width: 480px) 100vw, 480px\" \/><\/a><\/p>\n<p>&nbsp;<\/p>\n<p><strong>September<\/strong><\/p>\n<p>Gutshofausfahrt<\/p>\n<p>Die allj\u00e4hrige Gutshofausfahrt &#8211; diesmal mit Zwischenstopp an irgendeiner Burg, vergessen wie sie hies &#8211; war aber sch\u00f6n!<\/p>\n<p><a href=\"http:\/\/www.kw-pleissenburg.de\/wp-content\/uploads\/2017\/06\/gutshof2014_04.jpg\"><img loading=\"lazy\" decoding=\"async\" src=\"http:\/\/www.kw-pleissenburg.de\/wp-content\/uploads\/2017\/06\/gutshof2014_04-1024x768.jpg\" alt=\"gutshof2014_04\" width=\"480\" height=\"360\" class=\"aligncenter size-large wp-image-1769\" srcset=\"https:\/\/www.kw-pleissenburg.de\/wp-content\/uploads\/2017\/06\/gutshof2014_04.jpg 1024w, https:\/\/www.kw-pleissenburg.de\/wp-content\/uploads\/2017\/06\/gutshof2014_04-300x225.jpg 300w\" sizes=\"auto, (max-width: 480px) 100vw, 480px\" \/><\/a><\/p>\n<p><a href=\"http:\/\/www.kw-pleissenburg.de\/wp-content\/uploads\/2017\/06\/gutshof2014_01.jpg\"><img loading=\"lazy\" decoding=\"async\" src=\"http:\/\/www.kw-pleissenburg.de\/wp-content\/uploads\/2017\/06\/gutshof2014_01-1024x768.jpg\" alt=\"gutshof2014_01\" width=\"480\" height=\"360\" class=\"aligncenter size-large wp-image-1770\" srcset=\"https:\/\/www.kw-pleissenburg.de\/wp-content\/uploads\/2017\/06\/gutshof2014_01.jpg 1024w, https:\/\/www.kw-pleissenburg.de\/wp-content\/uploads\/2017\/06\/gutshof2014_01-300x225.jpg 300w\" sizes=\"auto, (max-width: 480px) 100vw, 480px\" \/><\/a><\/p>\n<p><a href=\"http:\/\/www.kw-pleissenburg.de\/wp-content\/uploads\/2017\/06\/gutshof2014_02.jpg\"><img loading=\"lazy\" decoding=\"async\" src=\"http:\/\/www.kw-pleissenburg.de\/wp-content\/uploads\/2017\/06\/gutshof2014_02-1024x768.jpg\" alt=\"gutshof2014_02\" width=\"480\" height=\"360\" class=\"aligncenter size-large wp-image-1771\" srcset=\"https:\/\/www.kw-pleissenburg.de\/wp-content\/uploads\/2017\/06\/gutshof2014_02.jpg 1024w, https:\/\/www.kw-pleissenburg.de\/wp-content\/uploads\/2017\/06\/gutshof2014_02-300x225.jpg 300w\" sizes=\"auto, (max-width: 480px) 100vw, 480px\" \/><\/a><\/p>\n<p><a href=\"http:\/\/www.kw-pleissenburg.de\/wp-content\/uploads\/2017\/06\/gutshof2014_03.jpg\"><img loading=\"lazy\" decoding=\"async\" src=\"http:\/\/www.kw-pleissenburg.de\/wp-content\/uploads\/2017\/06\/gutshof2014_03-1024x768.jpg\" alt=\"gutshof2014_03\" width=\"480\" height=\"360\" class=\"aligncenter size-large wp-image-1772\" srcset=\"https:\/\/www.kw-pleissenburg.de\/wp-content\/uploads\/2017\/06\/gutshof2014_03.jpg 1024w, https:\/\/www.kw-pleissenburg.de\/wp-content\/uploads\/2017\/06\/gutshof2014_03-300x225.jpg 300w\" sizes=\"auto, (max-width: 480px) 100vw, 480px\" \/><\/a><\/p>\n<p>&nbsp;<\/p>\n","protected":false},"excerpt":{"rendered":"<p>Februar Schon Tradition: Kuhle Wampe auf der Motorradmesse TWIN Leipzig. Auch wenn die Messe schrumpft, unser Stand wird gr\u00f6\u00dfer und bunter mit jedem mal. F\u00fcr euch einen kleinen Artikel aus<\/p>\n","protected":false},"author":1,"featured_media":0,"parent":0,"menu_order":0,"comment_status":"open","ping_status":"open","template":"","meta":{"footnotes":""},"class_list":["post-1549","page","type-page","status-publish","hentry"],"_links":{"self":[{"href":"https:\/\/www.kw-pleissenburg.de\/index.php?rest_route=\/wp\/v2\/pages\/1549","targetHints":{"allow":["GET"]}}],"collection":[{"href":"https:\/\/www.kw-pleissenburg.de\/index.php?rest_route=\/wp\/v2\/pages"}],"about":[{"href":"https:\/\/www.kw-pleissenburg.de\/index.php?rest_route=\/wp\/v2\/types\/page"}],"author":[{"embeddable":true,"href":"https:\/\/www.kw-pleissenburg.de\/index.php?rest_route=\/wp\/v2\/users\/1"}],"replies":[{"embeddable":true,"href":"https:\/\/www.kw-pleissenburg.de\/index.php?rest_route=%2Fwp%2Fv2%2Fcomments&post=1549"}],"version-history":[{"count":26,"href":"https:\/\/www.kw-pleissenburg.de\/index.php?rest_route=\/wp\/v2\/pages\/1549\/revisions"}],"predecessor-version":[{"id":1776,"href":"https:\/\/www.kw-pleissenburg.de\/index.php?rest_route=\/wp\/v2\/pages\/1549\/revisions\/1776"}],"wp:attachment":[{"href":"https:\/\/www.kw-pleissenburg.de\/index.php?rest_route=%2Fwp%2Fv2%2Fmedia&parent=1549"}],"curies":[{"name":"wp","href":"https:\/\/api.w.org\/{rel}","templated":true}]}}