{"id":1547,"date":"2017-06-22T09:37:05","date_gmt":"2017-06-22T09:37:05","guid":{"rendered":"http:\/\/www.kw-pleissenburg.de\/?page_id=1547"},"modified":"2017-06-27T06:46:17","modified_gmt":"2017-06-27T06:46:17","slug":"2013-2","status":"publish","type":"page","link":"https:\/\/www.kw-pleissenburg.de\/?page_id=1547","title":{"rendered":"2013"},"content":{"rendered":"<p><strong>Februar<br \/>\n<\/strong><\/p>\n<p><strong>Motorradmesse 2013 Leipzig \u2013 Wir waren dabei!<\/strong><\/p>\n<p>Auch im Jahr 2013 haben wir es uns nicht nehmen lassen die \u00fcbermodernisierte Messe wieder etwas auf den Boden der guten alten robusten Tatsachen zu holen. Trotzt anf\u00e4nglichen Unannehmlichkeiten (wir waren einfach zu wenig, da ein Teil des Clubs zum Elefantentreffen unterwegs war) planten wir kr\u00e4ftig und haben wunderbar tatkr\u00e4ftige Unterst\u00fctzung aus Berlin und Jena bekommen. Leute vielen Danke, ohne euch w\u00e4re das nicht so super gelaufen. So haben wir viele Freunde und befreundete Clubs getroffen, am Stand mit unserem Kintermopped Jung und Alt erfreut (oder auch nicht\u2026) und eine Menge produktiver Gespr\u00e4che gef\u00fchrt. Da s\u00e4mtliche Moppeds am Stand auch jeden Tag zur Ab- und Anreise genutzt worden waren, war ein ehrliches feeling komplett gegeben. Neben einer \u00fcberarbeiteten Fotowand hat unser Stand keine Neuerungen erfahren, nur das Messepersonal meinte wir sollten doch mal unser \u201cDesign\u201d \u00fcberdenken, na mal sehen!<\/p>\n<p><a href=\"http:\/\/www.kw-pleissenburg.de\/wp-content\/uploads\/2012\/01\/001_messe.jpg\"><img loading=\"lazy\" decoding=\"async\" src=\"http:\/\/www.kw-pleissenburg.de\/wp-content\/uploads\/2012\/01\/001_messe-1024x768.jpg\" alt=\"001_messe\" width=\"480\" height=\"360\" class=\"aligncenter size-large wp-image-408\" srcset=\"https:\/\/www.kw-pleissenburg.de\/wp-content\/uploads\/2012\/01\/001_messe-1024x768.jpg 1024w, https:\/\/www.kw-pleissenburg.de\/wp-content\/uploads\/2012\/01\/001_messe-300x225.jpg 300w, https:\/\/www.kw-pleissenburg.de\/wp-content\/uploads\/2012\/01\/001_messe.jpg 1280w\" sizes=\"auto, (max-width: 480px) 100vw, 480px\" \/><\/a><\/p>\n<p>&nbsp;<\/p>\n<p><strong>Mai<\/strong><\/p>\n<p>Das Rock-am-Kuhteich-Festival rockt mal wieder. Kuhle Wampe Plei\u00dfenburg ist mit einem Infostand dabei und darf nebenbei schrillen Punk konsumieren.<\/p>\n<p><a href=\"http:\/\/www.kw-pleissenburg.de\/wp-content\/uploads\/2017\/06\/RAK2013_01.jpg\"><img loading=\"lazy\" decoding=\"async\" src=\"http:\/\/www.kw-pleissenburg.de\/wp-content\/uploads\/2017\/06\/RAK2013_01-1024x768.jpg\" alt=\"RAK2013_01\" width=\"480\" height=\"360\" class=\"aligncenter size-large wp-image-1818\" srcset=\"https:\/\/www.kw-pleissenburg.de\/wp-content\/uploads\/2017\/06\/RAK2013_01.jpg 1024w, https:\/\/www.kw-pleissenburg.de\/wp-content\/uploads\/2017\/06\/RAK2013_01-300x225.jpg 300w\" sizes=\"auto, (max-width: 480px) 100vw, 480px\" \/><\/a><\/p>\n<p><a href=\"http:\/\/www.kw-pleissenburg.de\/wp-content\/uploads\/2017\/06\/RAK2013_02.jpg\"><img loading=\"lazy\" decoding=\"async\" src=\"http:\/\/www.kw-pleissenburg.de\/wp-content\/uploads\/2017\/06\/RAK2013_02-1024x768.jpg\" alt=\"RAK2013_02\" width=\"480\" height=\"360\" class=\"aligncenter size-large wp-image-1819\" srcset=\"https:\/\/www.kw-pleissenburg.de\/wp-content\/uploads\/2017\/06\/RAK2013_02.jpg 1024w, https:\/\/www.kw-pleissenburg.de\/wp-content\/uploads\/2017\/06\/RAK2013_02-300x225.jpg 300w\" sizes=\"auto, (max-width: 480px) 100vw, 480px\" \/><\/a><\/p>\n<p><a href=\"http:\/\/www.kw-pleissenburg.de\/wp-content\/uploads\/2017\/06\/RAK2013_03.jpg\"><img loading=\"lazy\" decoding=\"async\" src=\"http:\/\/www.kw-pleissenburg.de\/wp-content\/uploads\/2017\/06\/RAK2013_03-1024x768.jpg\" alt=\"RAK2013_03\" width=\"480\" height=\"360\" class=\"aligncenter size-large wp-image-1820\" srcset=\"https:\/\/www.kw-pleissenburg.de\/wp-content\/uploads\/2017\/06\/RAK2013_03.jpg 1024w, https:\/\/www.kw-pleissenburg.de\/wp-content\/uploads\/2017\/06\/RAK2013_03-300x225.jpg 300w\" sizes=\"auto, (max-width: 480px) 100vw, 480px\" \/><\/a><\/p>\n<p><a href=\"http:\/\/www.kw-pleissenburg.de\/wp-content\/uploads\/2017\/06\/RAK2013_04.jpg\"><img loading=\"lazy\" decoding=\"async\" src=\"http:\/\/www.kw-pleissenburg.de\/wp-content\/uploads\/2017\/06\/RAK2013_04-1024x768.jpg\" alt=\"RAK2013_04\" width=\"480\" height=\"360\" class=\"aligncenter size-large wp-image-1821\" srcset=\"https:\/\/www.kw-pleissenburg.de\/wp-content\/uploads\/2017\/06\/RAK2013_04.jpg 1024w, https:\/\/www.kw-pleissenburg.de\/wp-content\/uploads\/2017\/06\/RAK2013_04-300x225.jpg 300w\" sizes=\"auto, (max-width: 480px) 100vw, 480px\" \/><\/a><\/p>\n<p>&nbsp;<\/p>\n<p><strong>21. L\u00f6wenparty<\/strong><\/p>\n<p>Unsere L\u00f6wenparty ist mal wieder ein voller Erfolg. Viele G\u00e4ste, geniale Musik und wir haben eine neue Wampe in unsere Reihen aufgenommen. Da st\u00f6rt selbst der eine oder andere Regenschauer nicht.<a href=\"http:\/\/www.kw-pleissenburg.de\/wp-content\/uploads\/2013\/04\/MF000186_PIC0041.jpg\"><img loading=\"lazy\" decoding=\"async\" src=\"http:\/\/www.kw-pleissenburg.de\/wp-content\/uploads\/2013\/04\/MF000186_PIC0041.jpg\" alt=\"MF000186_PIC0041\" width=\"1000\" height=\"667\" class=\"aligncenter size-full wp-image-552\" srcset=\"https:\/\/www.kw-pleissenburg.de\/wp-content\/uploads\/2013\/04\/MF000186_PIC0041.jpg 1000w, https:\/\/www.kw-pleissenburg.de\/wp-content\/uploads\/2013\/04\/MF000186_PIC0041-300x200.jpg 300w\" sizes=\"auto, (max-width: 1000px) 100vw, 1000px\" \/><\/a><\/p>\n<p><a href=\"http:\/\/www.kw-pleissenburg.de\/wp-content\/uploads\/2013\/04\/MF000186_PIC0082.jpg\"><img loading=\"lazy\" decoding=\"async\" src=\"http:\/\/www.kw-pleissenburg.de\/wp-content\/uploads\/2013\/04\/MF000186_PIC0082.jpg\" alt=\"MF000186_PIC0082\" width=\"1000\" height=\"667\" class=\"aligncenter size-full wp-image-509\" srcset=\"https:\/\/www.kw-pleissenburg.de\/wp-content\/uploads\/2013\/04\/MF000186_PIC0082.jpg 1000w, https:\/\/www.kw-pleissenburg.de\/wp-content\/uploads\/2013\/04\/MF000186_PIC0082-300x200.jpg 300w\" sizes=\"auto, (max-width: 1000px) 100vw, 1000px\" \/><\/a><\/p>\n<p><a href=\"http:\/\/www.kw-pleissenburg.de\/wp-content\/uploads\/2013\/04\/MF000186_PIC0097.jpg\"><img loading=\"lazy\" decoding=\"async\" src=\"http:\/\/www.kw-pleissenburg.de\/wp-content\/uploads\/2013\/04\/MF000186_PIC0097.jpg\" alt=\"MF000186_PIC0097\" width=\"667\" height=\"1000\" class=\"aligncenter size-full wp-image-605\" srcset=\"https:\/\/www.kw-pleissenburg.de\/wp-content\/uploads\/2013\/04\/MF000186_PIC0097.jpg 667w, https:\/\/www.kw-pleissenburg.de\/wp-content\/uploads\/2013\/04\/MF000186_PIC0097-200x300.jpg 200w\" sizes=\"auto, (max-width: 667px) 100vw, 667px\" \/><\/a><\/p>\n<p><a href=\"http:\/\/www.kw-pleissenburg.de\/wp-content\/uploads\/2013\/04\/MF000186_PIC0131.jpg\"><img loading=\"lazy\" decoding=\"async\" src=\"http:\/\/www.kw-pleissenburg.de\/wp-content\/uploads\/2013\/04\/MF000186_PIC0131.jpg\" alt=\"MF000186_PIC0131\" width=\"1000\" height=\"667\" class=\"aligncenter size-full wp-image-639\" srcset=\"https:\/\/www.kw-pleissenburg.de\/wp-content\/uploads\/2013\/04\/MF000186_PIC0131.jpg 1000w, https:\/\/www.kw-pleissenburg.de\/wp-content\/uploads\/2013\/04\/MF000186_PIC0131-300x200.jpg 300w\" sizes=\"auto, (max-width: 1000px) 100vw, 1000px\" \/><\/a><\/p>\n<p><a href=\"http:\/\/www.kw-pleissenburg.de\/wp-content\/uploads\/2013\/04\/MF000186_PIC0061.jpg\"><img loading=\"lazy\" decoding=\"async\" src=\"http:\/\/www.kw-pleissenburg.de\/wp-content\/uploads\/2013\/04\/MF000186_PIC0061.jpg\" alt=\"MF000186_PIC0061\" width=\"1000\" height=\"667\" class=\"aligncenter size-full wp-image-572\" srcset=\"https:\/\/www.kw-pleissenburg.de\/wp-content\/uploads\/2013\/04\/MF000186_PIC0061.jpg 1000w, https:\/\/www.kw-pleissenburg.de\/wp-content\/uploads\/2013\/04\/MF000186_PIC0061-300x200.jpg 300w\" sizes=\"auto, (max-width: 1000px) 100vw, 1000px\" \/><\/a><\/p>\n<p><a href=\"http:\/\/www.kw-pleissenburg.de\/wp-content\/uploads\/2013\/04\/MF000186_PIC0058.jpg\"><img loading=\"lazy\" decoding=\"async\" src=\"http:\/\/www.kw-pleissenburg.de\/wp-content\/uploads\/2013\/04\/MF000186_PIC0058.jpg\" alt=\"MF000186_PIC0058\" width=\"1000\" height=\"667\" class=\"aligncenter size-full wp-image-569\" srcset=\"https:\/\/www.kw-pleissenburg.de\/wp-content\/uploads\/2013\/04\/MF000186_PIC0058.jpg 1000w, https:\/\/www.kw-pleissenburg.de\/wp-content\/uploads\/2013\/04\/MF000186_PIC0058-300x200.jpg 300w\" sizes=\"auto, (max-width: 1000px) 100vw, 1000px\" \/><\/a><\/p>\n<p>&nbsp;<\/p>\n<p><strong>September<br \/>\n<\/strong><\/p>\n<p><strong>100 Jahre Arbeiterzeltplatz Kuhle Wampe in Berlin: <\/strong><\/p>\n<p>Wir besuchen unsere Freunde und feiern gemeinsam den Geburtstag der Zeltplatzkolonie. Die Kr\u00f6nung ist der Besuch auf dem Gel\u00e4nde des ehemaligen Arbeiterzeltplatzes mit anschlie\u00dfendem Besuch bei einem Fest f\u00fcr Gefl\u00fcchtete.<br \/>\n<a href=\"http:\/\/www.kw-pleissenburg.de\/wp-content\/uploads\/2017\/06\/100jahre_07.png\"><img loading=\"lazy\" decoding=\"async\" src=\"http:\/\/www.kw-pleissenburg.de\/wp-content\/uploads\/2017\/06\/100jahre_07.png\" alt=\"100jahre_07\" width=\"849\" height=\"635\" class=\"aligncenter size-full wp-image-1697\" srcset=\"https:\/\/www.kw-pleissenburg.de\/wp-content\/uploads\/2017\/06\/100jahre_07.png 849w, https:\/\/www.kw-pleissenburg.de\/wp-content\/uploads\/2017\/06\/100jahre_07-300x224.png 300w\" sizes=\"auto, (max-width: 849px) 100vw, 849px\" \/><\/a><\/p>\n<p><a href=\"http:\/\/www.kw-pleissenburg.de\/wp-content\/uploads\/2017\/06\/100jahre_01.png\"><img loading=\"lazy\" decoding=\"async\" src=\"http:\/\/www.kw-pleissenburg.de\/wp-content\/uploads\/2017\/06\/100jahre_01.png\" alt=\"100jahre_01\" width=\"480\" height=\"320\" class=\"aligncenter size-large wp-image-1698\" srcset=\"https:\/\/www.kw-pleissenburg.de\/wp-content\/uploads\/2017\/06\/100jahre_01.png 850w, https:\/\/www.kw-pleissenburg.de\/wp-content\/uploads\/2017\/06\/100jahre_01-300x200.png 300w\" sizes=\"auto, (max-width: 480px) 100vw, 480px\" \/><\/a><\/p>\n<p><a href=\"http:\/\/www.kw-pleissenburg.de\/wp-content\/uploads\/2017\/06\/100jahre_02.png\"><img loading=\"lazy\" decoding=\"async\" src=\"http:\/\/www.kw-pleissenburg.de\/wp-content\/uploads\/2017\/06\/100jahre_02.png\" alt=\"100jahre_02\" width=\"480\" height=\"319\" class=\"aligncenter size-large wp-image-1699\" srcset=\"https:\/\/www.kw-pleissenburg.de\/wp-content\/uploads\/2017\/06\/100jahre_02.png 848w, https:\/\/www.kw-pleissenburg.de\/wp-content\/uploads\/2017\/06\/100jahre_02-300x200.png 300w\" sizes=\"auto, (max-width: 480px) 100vw, 480px\" \/><\/a><\/p>\n<p><a href=\"http:\/\/www.kw-pleissenburg.de\/wp-content\/uploads\/2017\/06\/100jahre_03.png\"><img loading=\"lazy\" decoding=\"async\" src=\"http:\/\/www.kw-pleissenburg.de\/wp-content\/uploads\/2017\/06\/100jahre_03.png\" alt=\"100jahre_03\" width=\"480\" height=\"321\" class=\"aligncenter size-large wp-image-1700\" srcset=\"https:\/\/www.kw-pleissenburg.de\/wp-content\/uploads\/2017\/06\/100jahre_03.png 848w, https:\/\/www.kw-pleissenburg.de\/wp-content\/uploads\/2017\/06\/100jahre_03-300x201.png 300w\" sizes=\"auto, (max-width: 480px) 100vw, 480px\" \/><\/a><\/p>\n<p><a href=\"http:\/\/www.kw-pleissenburg.de\/wp-content\/uploads\/2017\/06\/100jahre_04.png\"><img loading=\"lazy\" decoding=\"async\" src=\"http:\/\/www.kw-pleissenburg.de\/wp-content\/uploads\/2017\/06\/100jahre_04.png\" alt=\"100jahre_04\" width=\"480\" height=\"320\" class=\"aligncenter size-large wp-image-1701\" srcset=\"https:\/\/www.kw-pleissenburg.de\/wp-content\/uploads\/2017\/06\/100jahre_04.png 847w, https:\/\/www.kw-pleissenburg.de\/wp-content\/uploads\/2017\/06\/100jahre_04-300x200.png 300w\" sizes=\"auto, (max-width: 480px) 100vw, 480px\" \/><\/a><\/p>\n<p><a href=\"http:\/\/www.kw-pleissenburg.de\/wp-content\/uploads\/2017\/06\/100jahre_05.png\"><img loading=\"lazy\" decoding=\"async\" src=\"http:\/\/www.kw-pleissenburg.de\/wp-content\/uploads\/2017\/06\/100jahre_05-683x1024.png\" alt=\"100jahre_05\" width=\"480\" height=\"720\" class=\"aligncenter size-large wp-image-1702\" srcset=\"https:\/\/www.kw-pleissenburg.de\/wp-content\/uploads\/2017\/06\/100jahre_05-683x1024.png 683w, https:\/\/www.kw-pleissenburg.de\/wp-content\/uploads\/2017\/06\/100jahre_05-200x300.png 200w, https:\/\/www.kw-pleissenburg.de\/wp-content\/uploads\/2017\/06\/100jahre_05.png 802w\" sizes=\"auto, (max-width: 480px) 100vw, 480px\" \/><\/a><\/p>\n<p><a href=\"http:\/\/www.kw-pleissenburg.de\/wp-content\/uploads\/2017\/06\/100jahre_06.png\"><img loading=\"lazy\" decoding=\"async\" src=\"http:\/\/www.kw-pleissenburg.de\/wp-content\/uploads\/2017\/06\/100jahre_06.png\" alt=\"100jahre_06\" width=\"480\" height=\"320\" class=\"aligncenter size-large wp-image-1703\" srcset=\"https:\/\/www.kw-pleissenburg.de\/wp-content\/uploads\/2017\/06\/100jahre_06.png 848w, https:\/\/www.kw-pleissenburg.de\/wp-content\/uploads\/2017\/06\/100jahre_06-300x200.png 300w\" sizes=\"auto, (max-width: 480px) 100vw, 480px\" \/><\/a><\/p>\n<p>&nbsp;<\/p>\n<p>Artikel aus der Megaphon 3\/2013 &#8211; Auszug aus der dreiteiligen Dokumentation<\/p>\n<p><a href=\"http:\/\/www.kw-pleissenburg.de\/wp-content\/uploads\/2017\/06\/100artikel_01.png\"><img loading=\"lazy\" decoding=\"async\" src=\"http:\/\/www.kw-pleissenburg.de\/wp-content\/uploads\/2017\/06\/100artikel_01-789x1024.png\" alt=\"100artikel_01\" width=\"480\" height=\"623\" class=\"aligncenter size-large wp-image-1711\" srcset=\"https:\/\/www.kw-pleissenburg.de\/wp-content\/uploads\/2017\/06\/100artikel_01-789x1024.png 789w, https:\/\/www.kw-pleissenburg.de\/wp-content\/uploads\/2017\/06\/100artikel_01-231x300.png 231w, https:\/\/www.kw-pleissenburg.de\/wp-content\/uploads\/2017\/06\/100artikel_01.png 1238w\" sizes=\"auto, (max-width: 480px) 100vw, 480px\" \/><\/a><\/p>\n<p><a href=\"http:\/\/www.kw-pleissenburg.de\/wp-content\/uploads\/2017\/06\/100artikel_02.png\"><img loading=\"lazy\" decoding=\"async\" src=\"http:\/\/www.kw-pleissenburg.de\/wp-content\/uploads\/2017\/06\/100artikel_02-773x1024.png\" alt=\"100artikel_02\" width=\"480\" height=\"636\" class=\"aligncenter size-large wp-image-1712\" srcset=\"https:\/\/www.kw-pleissenburg.de\/wp-content\/uploads\/2017\/06\/100artikel_02-773x1024.png 773w, https:\/\/www.kw-pleissenburg.de\/wp-content\/uploads\/2017\/06\/100artikel_02-226x300.png 226w, https:\/\/www.kw-pleissenburg.de\/wp-content\/uploads\/2017\/06\/100artikel_02.png 1217w\" sizes=\"auto, (max-width: 480px) 100vw, 480px\" \/><\/a><\/p>\n<p><a href=\"http:\/\/www.kw-pleissenburg.de\/wp-content\/uploads\/2017\/06\/100artikel_03.png\"><img loading=\"lazy\" decoding=\"async\" src=\"http:\/\/www.kw-pleissenburg.de\/wp-content\/uploads\/2017\/06\/100artikel_03-832x1024.png\" alt=\"100artikel_03\" width=\"480\" height=\"591\" class=\"aligncenter size-large wp-image-1713\" srcset=\"https:\/\/www.kw-pleissenburg.de\/wp-content\/uploads\/2017\/06\/100artikel_03-832x1024.png 832w, https:\/\/www.kw-pleissenburg.de\/wp-content\/uploads\/2017\/06\/100artikel_03-244x300.png 244w, https:\/\/www.kw-pleissenburg.de\/wp-content\/uploads\/2017\/06\/100artikel_03.png 1238w\" sizes=\"auto, (max-width: 480px) 100vw, 480px\" \/><\/a><\/p>\n<p><a href=\"http:\/\/www.kw-pleissenburg.de\/wp-content\/uploads\/2017\/06\/100artikel_04.png\"><img loading=\"lazy\" decoding=\"async\" src=\"http:\/\/www.kw-pleissenburg.de\/wp-content\/uploads\/2017\/06\/100artikel_04-785x1024.png\" alt=\"100artikel_04\" width=\"480\" height=\"626\" class=\"aligncenter size-large wp-image-1710\" srcset=\"https:\/\/www.kw-pleissenburg.de\/wp-content\/uploads\/2017\/06\/100artikel_04-785x1024.png 785w, https:\/\/www.kw-pleissenburg.de\/wp-content\/uploads\/2017\/06\/100artikel_04-230x300.png 230w, https:\/\/www.kw-pleissenburg.de\/wp-content\/uploads\/2017\/06\/100artikel_04.png 1236w\" sizes=\"auto, (max-width: 480px) 100vw, 480px\" \/><\/a><\/p>\n<p>&nbsp;<\/p>\n<p><strong>Die Gutshofausfahrt steht wieder an. <\/strong><\/p>\n<p>Das Ausflugsziel ist dieses Jahr der eine Wiese an der Mulde, an der wir uns unser Gegrilltes schmecken lassen. Die begeisterten Blicke unserer Mitfahrer sind mal wieder unbezahlbar.<br \/>\n<a href=\"http:\/\/www.kw-pleissenburg.de\/wp-content\/uploads\/2017\/06\/gutshof2013_03.png\"><img loading=\"lazy\" decoding=\"async\" src=\"http:\/\/www.kw-pleissenburg.de\/wp-content\/uploads\/2017\/06\/gutshof2013_03.png\" alt=\"gutshof2013_03\" width=\"798\" height=\"598\" class=\"aligncenter size-full wp-image-1705\" srcset=\"https:\/\/www.kw-pleissenburg.de\/wp-content\/uploads\/2017\/06\/gutshof2013_03.png 798w, https:\/\/www.kw-pleissenburg.de\/wp-content\/uploads\/2017\/06\/gutshof2013_03-300x225.png 300w\" sizes=\"auto, (max-width: 798px) 100vw, 798px\" \/><\/a><\/p>\n<p><a href=\"http:\/\/www.kw-pleissenburg.de\/wp-content\/uploads\/2017\/06\/gutshof2013_01.png\"><img loading=\"lazy\" decoding=\"async\" src=\"http:\/\/www.kw-pleissenburg.de\/wp-content\/uploads\/2017\/06\/gutshof2013_01.png\" alt=\"gutshof2013_01\" width=\"480\" height=\"360\" class=\"aligncenter size-large wp-image-1706\" srcset=\"https:\/\/www.kw-pleissenburg.de\/wp-content\/uploads\/2017\/06\/gutshof2013_01.png 798w, https:\/\/www.kw-pleissenburg.de\/wp-content\/uploads\/2017\/06\/gutshof2013_01-300x225.png 300w\" sizes=\"auto, (max-width: 480px) 100vw, 480px\" \/><\/a><\/p>\n<p><a href=\"http:\/\/www.kw-pleissenburg.de\/wp-content\/uploads\/2017\/06\/gutshof2013_02.png\"><img loading=\"lazy\" decoding=\"async\" src=\"http:\/\/www.kw-pleissenburg.de\/wp-content\/uploads\/2017\/06\/gutshof2013_02.png\" alt=\"gutshof2013_02\" width=\"480\" height=\"358\" class=\"aligncenter size-large wp-image-1707\" srcset=\"https:\/\/www.kw-pleissenburg.de\/wp-content\/uploads\/2017\/06\/gutshof2013_02.png 800w, https:\/\/www.kw-pleissenburg.de\/wp-content\/uploads\/2017\/06\/gutshof2013_02-300x224.png 300w\" sizes=\"auto, (max-width: 480px) 100vw, 480px\" \/><\/a><\/p>\n<p>&nbsp;<\/p>\n","protected":false},"excerpt":{"rendered":"<p>Februar Motorradmesse 2013 Leipzig \u2013 Wir waren dabei! Auch im Jahr 2013 haben wir es uns nicht nehmen lassen die \u00fcbermodernisierte Messe wieder etwas auf den Boden der guten alten<\/p>\n","protected":false},"author":1,"featured_media":0,"parent":0,"menu_order":0,"comment_status":"open","ping_status":"open","template":"","meta":{"footnotes":""},"class_list":["post-1547","page","type-page","status-publish","hentry"],"_links":{"self":[{"href":"https:\/\/www.kw-pleissenburg.de\/index.php?rest_route=\/wp\/v2\/pages\/1547","targetHints":{"allow":["GET"]}}],"collection":[{"href":"https:\/\/www.kw-pleissenburg.de\/index.php?rest_route=\/wp\/v2\/pages"}],"about":[{"href":"https:\/\/www.kw-pleissenburg.de\/index.php?rest_route=\/wp\/v2\/types\/page"}],"author":[{"embeddable":true,"href":"https:\/\/www.kw-pleissenburg.de\/index.php?rest_route=\/wp\/v2\/users\/1"}],"replies":[{"embeddable":true,"href":"https:\/\/www.kw-pleissenburg.de\/index.php?rest_route=%2Fwp%2Fv2%2Fcomments&post=1547"}],"version-history":[{"count":17,"href":"https:\/\/www.kw-pleissenburg.de\/index.php?rest_route=\/wp\/v2\/pages\/1547\/revisions"}],"predecessor-version":[{"id":2027,"href":"https:\/\/www.kw-pleissenburg.de\/index.php?rest_route=\/wp\/v2\/pages\/1547\/revisions\/2027"}],"wp:attachment":[{"href":"https:\/\/www.kw-pleissenburg.de\/index.php?rest_route=%2Fwp%2Fv2%2Fmedia&parent=1547"}],"curies":[{"name":"wp","href":"https:\/\/api.w.org\/{rel}","templated":true}]}}