{"id":1540,"date":"2017-06-22T09:34:31","date_gmt":"2017-06-22T09:34:31","guid":{"rendered":"http:\/\/www.kw-pleissenburg.de\/?page_id=1540"},"modified":"2017-06-27T06:45:36","modified_gmt":"2017-06-27T06:45:36","slug":"2011-2","status":"publish","type":"page","link":"https:\/\/www.kw-pleissenburg.de\/?page_id=1540","title":{"rendered":"2011"},"content":{"rendered":"<p><strong>Februar <\/strong><\/p>\n<p><strong>Dresden Nazifrei<\/strong><\/p>\n<p><a href=\"http:\/\/www.kw-pleissenburg.de\/wp-content\/uploads\/2017\/06\/dd_01.png\"><img loading=\"lazy\" decoding=\"async\" src=\"http:\/\/www.kw-pleissenburg.de\/wp-content\/uploads\/2017\/06\/dd_01.png\" alt=\"dd_01\" width=\"849\" height=\"633\" class=\"aligncenter size-full wp-image-1589\" srcset=\"https:\/\/www.kw-pleissenburg.de\/wp-content\/uploads\/2017\/06\/dd_01.png 849w, https:\/\/www.kw-pleissenburg.de\/wp-content\/uploads\/2017\/06\/dd_01-300x224.png 300w\" sizes=\"auto, (max-width: 849px) 100vw, 849px\" \/><\/a><\/p>\n<p><a href=\"http:\/\/www.kw-pleissenburg.de\/wp-content\/uploads\/2017\/06\/dd_02.png\"><img loading=\"lazy\" decoding=\"async\" src=\"http:\/\/www.kw-pleissenburg.de\/wp-content\/uploads\/2017\/06\/dd_02.png\" alt=\"dd_02\" width=\"849\" height=\"638\" class=\"aligncenter size-full wp-image-1590\" srcset=\"https:\/\/www.kw-pleissenburg.de\/wp-content\/uploads\/2017\/06\/dd_02.png 849w, https:\/\/www.kw-pleissenburg.de\/wp-content\/uploads\/2017\/06\/dd_02-300x225.png 300w\" sizes=\"auto, (max-width: 849px) 100vw, 849px\" \/><\/a><\/p>\n<p><a href=\"http:\/\/www.kw-pleissenburg.de\/wp-content\/uploads\/2017\/06\/dd_03.png\"><img loading=\"lazy\" decoding=\"async\" src=\"http:\/\/www.kw-pleissenburg.de\/wp-content\/uploads\/2017\/06\/dd_03.png\" alt=\"dd_03\" width=\"846\" height=\"636\" class=\"aligncenter size-full wp-image-1591\" srcset=\"https:\/\/www.kw-pleissenburg.de\/wp-content\/uploads\/2017\/06\/dd_03.png 846w, https:\/\/www.kw-pleissenburg.de\/wp-content\/uploads\/2017\/06\/dd_03-300x226.png 300w\" sizes=\"auto, (max-width: 846px) 100vw, 846px\" \/><\/a><\/p>\n<p>&nbsp;<\/p>\n<p><strong>Motorradmesse &#8222;Twin&#8220; in Leipzig<\/strong><\/p>\n<p><a href=\"http:\/\/www.kw-pleissenburg.de\/wp-content\/uploads\/2017\/06\/messe_01.png\"><img loading=\"lazy\" decoding=\"async\" src=\"http:\/\/www.kw-pleissenburg.de\/wp-content\/uploads\/2017\/06\/messe_01.png\" alt=\"messe_01\" width=\"846\" height=\"637\" class=\"aligncenter size-full wp-image-1593\" srcset=\"https:\/\/www.kw-pleissenburg.de\/wp-content\/uploads\/2017\/06\/messe_01.png 846w, https:\/\/www.kw-pleissenburg.de\/wp-content\/uploads\/2017\/06\/messe_01-300x226.png 300w\" sizes=\"auto, (max-width: 846px) 100vw, 846px\" \/><\/a><\/p>\n<p><a href=\"http:\/\/www.kw-pleissenburg.de\/wp-content\/uploads\/2017\/06\/messe_02.png\"><img loading=\"lazy\" decoding=\"async\" src=\"http:\/\/www.kw-pleissenburg.de\/wp-content\/uploads\/2017\/06\/messe_02.png\" alt=\"messe_02\" width=\"848\" height=\"636\" class=\"aligncenter size-full wp-image-1594\" srcset=\"https:\/\/www.kw-pleissenburg.de\/wp-content\/uploads\/2017\/06\/messe_02.png 848w, https:\/\/www.kw-pleissenburg.de\/wp-content\/uploads\/2017\/06\/messe_02-300x225.png 300w\" sizes=\"auto, (max-width: 848px) 100vw, 848px\" \/><\/a><\/p>\n<p><a href=\"http:\/\/www.kw-pleissenburg.de\/wp-content\/uploads\/2017\/06\/messe_03.png\"><img loading=\"lazy\" decoding=\"async\" src=\"http:\/\/www.kw-pleissenburg.de\/wp-content\/uploads\/2017\/06\/messe_03.png\" alt=\"messe_03\" width=\"850\" height=\"637\" class=\"aligncenter size-full wp-image-1595\" srcset=\"https:\/\/www.kw-pleissenburg.de\/wp-content\/uploads\/2017\/06\/messe_03.png 850w, https:\/\/www.kw-pleissenburg.de\/wp-content\/uploads\/2017\/06\/messe_03-300x225.png 300w\" sizes=\"auto, (max-width: 850px) 100vw, 850px\" \/><\/a><\/p>\n<p>&nbsp;<\/p>\n<p><strong>April<\/strong><\/p>\n<p><strong>Fr\u00fchjahrsputz<\/strong><\/p>\n<p>Nach langer Pause haben wir wieder Kontakt mit der Margarete-Blank-Stiftung welche uns im letzten Dezember zur 10 J\u00e4hrigen Gedenkfeier eingeladen hat. Wir konnten in diesem Fr\u00fchjahr beim Instanthalten der Gedenkst\u00e4tte kr\u00e4ftig helfen.<\/p>\n<p><a href=\"http:\/\/www.kw-pleissenburg.de\/wp-content\/uploads\/2017\/06\/ma_blank_1_2011.jpg\"><img loading=\"lazy\" decoding=\"async\" src=\"http:\/\/www.kw-pleissenburg.de\/wp-content\/uploads\/2017\/06\/ma_blank_1_2011.jpg\" alt=\"ma_blank_1_2011\" width=\"1024\" height=\"768\" class=\"aligncenter size-full wp-image-1635\" srcset=\"https:\/\/www.kw-pleissenburg.de\/wp-content\/uploads\/2017\/06\/ma_blank_1_2011.jpg 1024w, https:\/\/www.kw-pleissenburg.de\/wp-content\/uploads\/2017\/06\/ma_blank_1_2011-300x225.jpg 300w\" sizes=\"auto, (max-width: 1024px) 100vw, 1024px\" \/><\/a><\/p>\n<p><a href=\"http:\/\/www.kw-pleissenburg.de\/wp-content\/uploads\/2017\/06\/ma_blank_2_2011.jpg\"><img loading=\"lazy\" decoding=\"async\" src=\"http:\/\/www.kw-pleissenburg.de\/wp-content\/uploads\/2017\/06\/ma_blank_2_2011.jpg\" alt=\"ma_blank_2_2011\" width=\"1024\" height=\"768\" class=\"aligncenter size-full wp-image-1636\" srcset=\"https:\/\/www.kw-pleissenburg.de\/wp-content\/uploads\/2017\/06\/ma_blank_2_2011.jpg 1024w, https:\/\/www.kw-pleissenburg.de\/wp-content\/uploads\/2017\/06\/ma_blank_2_2011-300x225.jpg 300w\" sizes=\"auto, (max-width: 1024px) 100vw, 1024px\" \/><\/a><\/p>\n<p><a href=\"http:\/\/www.kw-pleissenburg.de\/wp-content\/uploads\/2017\/06\/ma_blank_3_2011.jpg\"><img loading=\"lazy\" decoding=\"async\" src=\"http:\/\/www.kw-pleissenburg.de\/wp-content\/uploads\/2017\/06\/ma_blank_3_2011.jpg\" alt=\"ma_blank_3_2011\" width=\"1024\" height=\"768\" class=\"aligncenter size-full wp-image-1637\" srcset=\"https:\/\/www.kw-pleissenburg.de\/wp-content\/uploads\/2017\/06\/ma_blank_3_2011.jpg 1024w, https:\/\/www.kw-pleissenburg.de\/wp-content\/uploads\/2017\/06\/ma_blank_3_2011-300x225.jpg 300w\" sizes=\"auto, (max-width: 1024px) 100vw, 1024px\" \/><\/a><\/p>\n<p><a href=\"http:\/\/www.kw-pleissenburg.de\/wp-content\/uploads\/2017\/06\/ma_blank_4_2011.jpg\"><img loading=\"lazy\" decoding=\"async\" src=\"http:\/\/www.kw-pleissenburg.de\/wp-content\/uploads\/2017\/06\/ma_blank_4_2011.jpg\" alt=\"ma_blank_4_2011\" width=\"1024\" height=\"768\" class=\"aligncenter size-full wp-image-1638\" srcset=\"https:\/\/www.kw-pleissenburg.de\/wp-content\/uploads\/2017\/06\/ma_blank_4_2011.jpg 1024w, https:\/\/www.kw-pleissenburg.de\/wp-content\/uploads\/2017\/06\/ma_blank_4_2011-300x225.jpg 300w\" sizes=\"auto, (max-width: 1024px) 100vw, 1024px\" \/><\/a><\/p>\n<p><a href=\"http:\/\/www.kw-pleissenburg.de\/wp-content\/uploads\/2017\/06\/ma_blank_6_2011.jpg\"><img loading=\"lazy\" decoding=\"async\" src=\"http:\/\/www.kw-pleissenburg.de\/wp-content\/uploads\/2017\/06\/ma_blank_6_2011.jpg\" alt=\"ma_blank_6_2011\" width=\"1024\" height=\"768\" class=\"aligncenter size-full wp-image-1639\" srcset=\"https:\/\/www.kw-pleissenburg.de\/wp-content\/uploads\/2017\/06\/ma_blank_6_2011.jpg 1024w, https:\/\/www.kw-pleissenburg.de\/wp-content\/uploads\/2017\/06\/ma_blank_6_2011-300x225.jpg 300w\" sizes=\"auto, (max-width: 1024px) 100vw, 1024px\" \/><\/a><\/p>\n<p><a href=\"http:\/\/www.kw-pleissenburg.de\/wp-content\/uploads\/2017\/06\/ma_blank_7_2011.jpg\"><img loading=\"lazy\" decoding=\"async\" src=\"http:\/\/www.kw-pleissenburg.de\/wp-content\/uploads\/2017\/06\/ma_blank_7_2011.jpg\" alt=\"ma_blank_7_2011\" width=\"1024\" height=\"768\" class=\"aligncenter size-full wp-image-1640\" srcset=\"https:\/\/www.kw-pleissenburg.de\/wp-content\/uploads\/2017\/06\/ma_blank_7_2011.jpg 1024w, https:\/\/www.kw-pleissenburg.de\/wp-content\/uploads\/2017\/06\/ma_blank_7_2011-300x225.jpg 300w\" sizes=\"auto, (max-width: 1024px) 100vw, 1024px\" \/><\/a><\/p>\n<p><a href=\"http:\/\/www.kw-pleissenburg.de\/wp-content\/uploads\/2017\/06\/ma_blank_9_2011.jpg\"><img loading=\"lazy\" decoding=\"async\" src=\"http:\/\/www.kw-pleissenburg.de\/wp-content\/uploads\/2017\/06\/ma_blank_9_2011.jpg\" alt=\"ma_blank_9_2011\" width=\"768\" height=\"1024\" class=\"aligncenter size-full wp-image-1641\" srcset=\"https:\/\/www.kw-pleissenburg.de\/wp-content\/uploads\/2017\/06\/ma_blank_9_2011.jpg 768w, https:\/\/www.kw-pleissenburg.de\/wp-content\/uploads\/2017\/06\/ma_blank_9_2011-225x300.jpg 225w\" sizes=\"auto, (max-width: 768px) 100vw, 768px\" \/><\/a><\/p>\n<p><a href=\"http:\/\/www.kw-pleissenburg.de\/wp-content\/uploads\/2017\/06\/ma_blank_10_2011.jpg\"><img loading=\"lazy\" decoding=\"async\" src=\"http:\/\/www.kw-pleissenburg.de\/wp-content\/uploads\/2017\/06\/ma_blank_10_2011.jpg\" alt=\"ma_blank_10_2011\" width=\"1024\" height=\"768\" class=\"aligncenter size-full wp-image-1642\" srcset=\"https:\/\/www.kw-pleissenburg.de\/wp-content\/uploads\/2017\/06\/ma_blank_10_2011.jpg 1024w, https:\/\/www.kw-pleissenburg.de\/wp-content\/uploads\/2017\/06\/ma_blank_10_2011-300x225.jpg 300w\" sizes=\"auto, (max-width: 1024px) 100vw, 1024px\" \/><\/a><\/p>\n<p><a href=\"http:\/\/www.kw-pleissenburg.de\/wp-content\/uploads\/2017\/06\/ma_blank_11_2011.jpg\"><img loading=\"lazy\" decoding=\"async\" src=\"http:\/\/www.kw-pleissenburg.de\/wp-content\/uploads\/2017\/06\/ma_blank_11_2011.jpg\" alt=\"ma_blank_11_2011\" width=\"1024\" height=\"768\" class=\"aligncenter size-full wp-image-1643\" srcset=\"https:\/\/www.kw-pleissenburg.de\/wp-content\/uploads\/2017\/06\/ma_blank_11_2011.jpg 1024w, https:\/\/www.kw-pleissenburg.de\/wp-content\/uploads\/2017\/06\/ma_blank_11_2011-300x225.jpg 300w\" sizes=\"auto, (max-width: 1024px) 100vw, 1024px\" \/><\/a><\/p>\n<p>&nbsp;<\/p>\n<p><strong>Juni<\/strong><\/p>\n<p><strong>Kinderheimausfahrt<\/strong> in Biesen<\/p>\n<p><a href=\"http:\/\/www.kw-pleissenburg.de\/wp-content\/uploads\/2017\/06\/biesen_01.png\"><img loading=\"lazy\" decoding=\"async\" src=\"http:\/\/www.kw-pleissenburg.de\/wp-content\/uploads\/2017\/06\/biesen_01.png\" alt=\"biesen_01\" width=\"803\" height=\"600\" class=\"aligncenter size-full wp-image-1600\" srcset=\"https:\/\/www.kw-pleissenburg.de\/wp-content\/uploads\/2017\/06\/biesen_01.png 803w, https:\/\/www.kw-pleissenburg.de\/wp-content\/uploads\/2017\/06\/biesen_01-300x224.png 300w\" sizes=\"auto, (max-width: 803px) 100vw, 803px\" \/><\/a><\/p>\n<p><a href=\"http:\/\/www.kw-pleissenburg.de\/wp-content\/uploads\/2017\/06\/biesen_02.png\"><img loading=\"lazy\" decoding=\"async\" src=\"http:\/\/www.kw-pleissenburg.de\/wp-content\/uploads\/2017\/06\/biesen_02.png\" alt=\"biesen_02\" width=\"800\" height=\"598\" class=\"aligncenter size-full wp-image-1601\" srcset=\"https:\/\/www.kw-pleissenburg.de\/wp-content\/uploads\/2017\/06\/biesen_02.png 800w, https:\/\/www.kw-pleissenburg.de\/wp-content\/uploads\/2017\/06\/biesen_02-300x224.png 300w\" sizes=\"auto, (max-width: 800px) 100vw, 800px\" \/><\/a><\/p>\n<p><a href=\"http:\/\/www.kw-pleissenburg.de\/wp-content\/uploads\/2017\/06\/biesen_03.png\"><img loading=\"lazy\" decoding=\"async\" src=\"http:\/\/www.kw-pleissenburg.de\/wp-content\/uploads\/2017\/06\/biesen_03.png\" alt=\"biesen_03\" width=\"848\" height=\"634\" class=\"aligncenter size-full wp-image-1602\" srcset=\"https:\/\/www.kw-pleissenburg.de\/wp-content\/uploads\/2017\/06\/biesen_03.png 848w, https:\/\/www.kw-pleissenburg.de\/wp-content\/uploads\/2017\/06\/biesen_03-300x224.png 300w\" sizes=\"auto, (max-width: 848px) 100vw, 848px\" \/><\/a><\/p>\n<p>&nbsp;<\/p>\n<p><strong>L\u00f6wenparty 2011<\/strong><\/p>\n<p><a href=\"http:\/\/www.kw-pleissenburg.de\/wp-content\/uploads\/2017\/06\/loewe_03.png\"><img loading=\"lazy\" decoding=\"async\" src=\"http:\/\/www.kw-pleissenburg.de\/wp-content\/uploads\/2017\/06\/loewe_03.png\" alt=\"loewe_03\" width=\"849\" height=\"637\" class=\"aligncenter size-full wp-image-1604\" srcset=\"https:\/\/www.kw-pleissenburg.de\/wp-content\/uploads\/2017\/06\/loewe_03.png 849w, https:\/\/www.kw-pleissenburg.de\/wp-content\/uploads\/2017\/06\/loewe_03-300x225.png 300w\" sizes=\"auto, (max-width: 849px) 100vw, 849px\" \/><\/a><\/p>\n<p><a href=\"http:\/\/www.kw-pleissenburg.de\/wp-content\/uploads\/2017\/06\/loewe_01.png\"><img loading=\"lazy\" decoding=\"async\" src=\"http:\/\/www.kw-pleissenburg.de\/wp-content\/uploads\/2017\/06\/loewe_01.png\" alt=\"loewe_01\" width=\"846\" height=\"636\" class=\"aligncenter size-full wp-image-1605\" srcset=\"https:\/\/www.kw-pleissenburg.de\/wp-content\/uploads\/2017\/06\/loewe_01.png 846w, https:\/\/www.kw-pleissenburg.de\/wp-content\/uploads\/2017\/06\/loewe_01-300x226.png 300w\" sizes=\"auto, (max-width: 846px) 100vw, 846px\" \/><\/a><\/p>\n<p><a href=\"http:\/\/www.kw-pleissenburg.de\/wp-content\/uploads\/2017\/06\/loewe_02.png\"><img loading=\"lazy\" decoding=\"async\" src=\"http:\/\/www.kw-pleissenburg.de\/wp-content\/uploads\/2017\/06\/loewe_02.png\" alt=\"loewe_02\" width=\"851\" height=\"636\" class=\"aligncenter size-full wp-image-1606\" srcset=\"https:\/\/www.kw-pleissenburg.de\/wp-content\/uploads\/2017\/06\/loewe_02.png 851w, https:\/\/www.kw-pleissenburg.de\/wp-content\/uploads\/2017\/06\/loewe_02-300x224.png 300w\" sizes=\"auto, (max-width: 851px) 100vw, 851px\" \/><\/a><\/p>\n<p>&nbsp;<\/p>\n<p><strong>Dezember<\/strong><\/p>\n<p>Er\u00f6ffnung der Margarete Blank Gedenkst\u00e4tte in Leipzig &#8211; die KW Plei\u00dfenburg wurde eingeladen.<\/p>\n<p><a href=\"http:\/\/www.zwangsarbeit-in-leipzig.de\/dr-margarete-blank-gedenkstaette\/\" title=\"zur Margarete Blank Website\" target=\"_blank\">Zur Margarete Blank Website<\/a><\/p>\n<p><a href=\"http:\/\/www.kw-pleissenburg.de\/wp-content\/uploads\/2017\/06\/blank_02.png\"><img loading=\"lazy\" decoding=\"async\" src=\"http:\/\/www.kw-pleissenburg.de\/wp-content\/uploads\/2017\/06\/blank_02.png\" alt=\"blank_02\" width=\"848\" height=\"635\" class=\"aligncenter size-full wp-image-1610\" srcset=\"https:\/\/www.kw-pleissenburg.de\/wp-content\/uploads\/2017\/06\/blank_02.png 848w, https:\/\/www.kw-pleissenburg.de\/wp-content\/uploads\/2017\/06\/blank_02-300x225.png 300w\" sizes=\"auto, (max-width: 848px) 100vw, 848px\" \/><\/a><\/p>\n<p><a href=\"http:\/\/www.kw-pleissenburg.de\/wp-content\/uploads\/2017\/06\/blank_01.png\"><img loading=\"lazy\" decoding=\"async\" src=\"http:\/\/www.kw-pleissenburg.de\/wp-content\/uploads\/2017\/06\/blank_01.png\" alt=\"blank_01\" width=\"846\" height=\"633\" class=\"aligncenter size-full wp-image-1611\" srcset=\"https:\/\/www.kw-pleissenburg.de\/wp-content\/uploads\/2017\/06\/blank_01.png 846w, https:\/\/www.kw-pleissenburg.de\/wp-content\/uploads\/2017\/06\/blank_01-300x224.png 300w\" sizes=\"auto, (max-width: 846px) 100vw, 846px\" \/><\/a><\/p>\n","protected":false},"excerpt":{"rendered":"<p>Februar Dresden Nazifrei &nbsp; Motorradmesse &#8222;Twin&#8220; in Leipzig &nbsp; April Fr\u00fchjahrsputz Nach langer Pause haben wir wieder Kontakt mit der Margarete-Blank-Stiftung welche uns im letzten Dezember zur 10 J\u00e4hrigen Gedenkfeier<\/p>\n","protected":false},"author":1,"featured_media":0,"parent":0,"menu_order":0,"comment_status":"open","ping_status":"open","template":"","meta":{"footnotes":""},"class_list":["post-1540","page","type-page","status-publish","hentry"],"_links":{"self":[{"href":"https:\/\/www.kw-pleissenburg.de\/index.php?rest_route=\/wp\/v2\/pages\/1540","targetHints":{"allow":["GET"]}}],"collection":[{"href":"https:\/\/www.kw-pleissenburg.de\/index.php?rest_route=\/wp\/v2\/pages"}],"about":[{"href":"https:\/\/www.kw-pleissenburg.de\/index.php?rest_route=\/wp\/v2\/types\/page"}],"author":[{"embeddable":true,"href":"https:\/\/www.kw-pleissenburg.de\/index.php?rest_route=\/wp\/v2\/users\/1"}],"replies":[{"embeddable":true,"href":"https:\/\/www.kw-pleissenburg.de\/index.php?rest_route=%2Fwp%2Fv2%2Fcomments&post=1540"}],"version-history":[{"count":18,"href":"https:\/\/www.kw-pleissenburg.de\/index.php?rest_route=\/wp\/v2\/pages\/1540\/revisions"}],"predecessor-version":[{"id":2026,"href":"https:\/\/www.kw-pleissenburg.de\/index.php?rest_route=\/wp\/v2\/pages\/1540\/revisions\/2026"}],"wp:attachment":[{"href":"https:\/\/www.kw-pleissenburg.de\/index.php?rest_route=%2Fwp%2Fv2%2Fmedia&parent=1540"}],"curies":[{"name":"wp","href":"https:\/\/api.w.org\/{rel}","templated":true}]}}