{"id":1538,"date":"2017-06-22T09:32:03","date_gmt":"2017-06-22T09:32:03","guid":{"rendered":"http:\/\/www.kw-pleissenburg.de\/?page_id=1538"},"modified":"2020-01-22T14:59:24","modified_gmt":"2020-01-22T14:59:24","slug":"2001-2010","status":"publish","type":"page","link":"https:\/\/www.kw-pleissenburg.de\/?page_id=1538","title":{"rendered":"2001-2010"},"content":{"rendered":"<p><strong>2010<\/strong><\/p>\n<p><strong>Sommertreffen<\/strong><\/p>\n<p><a href=\"http:\/\/www.kw-pleissenburg.de\/wp-content\/uploads\/2017\/06\/st_01.png\"><img loading=\"lazy\" decoding=\"async\" src=\"http:\/\/www.kw-pleissenburg.de\/wp-content\/uploads\/2017\/06\/st_01.png\" alt=\"st_01\" width=\"849\" height=\"638\" class=\"aligncenter size-full wp-image-1567\" srcset=\"https:\/\/www.kw-pleissenburg.de\/wp-content\/uploads\/2017\/06\/st_01.png 849w, https:\/\/www.kw-pleissenburg.de\/wp-content\/uploads\/2017\/06\/st_01-300x225.png 300w\" sizes=\"auto, (max-width: 849px) 100vw, 849px\" \/><\/a><\/p>\n<p><a href=\"http:\/\/www.kw-pleissenburg.de\/wp-content\/uploads\/2017\/06\/st_02.png\"><img loading=\"lazy\" decoding=\"async\" src=\"http:\/\/www.kw-pleissenburg.de\/wp-content\/uploads\/2017\/06\/st_02.png\" alt=\"st_02\" width=\"850\" height=\"1134\" class=\"aligncenter size-full wp-image-1568\" srcset=\"https:\/\/www.kw-pleissenburg.de\/wp-content\/uploads\/2017\/06\/st_02.png 850w, https:\/\/www.kw-pleissenburg.de\/wp-content\/uploads\/2017\/06\/st_02-225x300.png 225w, https:\/\/www.kw-pleissenburg.de\/wp-content\/uploads\/2017\/06\/st_02-768x1024.png 768w\" sizes=\"auto, (max-width: 850px) 100vw, 850px\" \/><\/a><\/p>\n<p><a href=\"http:\/\/www.kw-pleissenburg.de\/wp-content\/uploads\/2017\/06\/st_03.png\"><img loading=\"lazy\" decoding=\"async\" src=\"http:\/\/www.kw-pleissenburg.de\/wp-content\/uploads\/2017\/06\/st_03.png\" alt=\"st_03\" width=\"850\" height=\"635\" class=\"aligncenter size-full wp-image-1569\" srcset=\"https:\/\/www.kw-pleissenburg.de\/wp-content\/uploads\/2017\/06\/st_03.png 850w, https:\/\/www.kw-pleissenburg.de\/wp-content\/uploads\/2017\/06\/st_03-300x224.png 300w\" sizes=\"auto, (max-width: 850px) 100vw, 850px\" \/><\/a><\/p>\n<p>&nbsp;<\/p>\n<p><strong>2009<\/strong><\/p>\n<p>seit 2009 gibt es wieder allj\u00e4hrlich einen Stand des MC Kuhle Wampe Pleissenburg auf der Motorradmesse Leipzig.<\/p>\n<p>&nbsp;<\/p>\n<p><strong>2004<\/strong><\/p>\n<p>zog unsere L\u00f6wenparty ein weiteres mal um. Diesmal nach Thierbaum n\u00e4he Bad Lausick. Dort geniessen wir Jahr um Jahr die wunderbaren Gegebenheiten mit gro\u00dfem Zeltplatz, guter Landluft und Badesee 5m neben dem Feuer.<\/p>\n<p>&nbsp;<\/p>\n<p><strong>2002<\/strong><\/p>\n<p>&#8222;Bunte Fetzter statt Braune Hetzer&#8220; &#8211; Motorraddemo in Leipzig. Ihr bekommt hier den ver\u00f6ffentlichten Artikel aus der KW Verbandszeitschrift &#8222;Megaphon 2\/2002&#8220;.<\/p>\n<p><a href=\"http:\/\/www.kw-pleissenburg.de\/wp-content\/uploads\/2017\/06\/1000_01.png\"><img loading=\"lazy\" decoding=\"async\" src=\"http:\/\/www.kw-pleissenburg.de\/wp-content\/uploads\/2017\/06\/1000_01.png\" alt=\"1000_01\" width=\"768\" height=\"1020\" class=\"aligncenter size-full wp-image-1574\" srcset=\"https:\/\/www.kw-pleissenburg.de\/wp-content\/uploads\/2017\/06\/1000_01.png 768w, https:\/\/www.kw-pleissenburg.de\/wp-content\/uploads\/2017\/06\/1000_01-226x300.png 226w\" sizes=\"auto, (max-width: 768px) 100vw, 768px\" \/><\/a><\/p>\n<p><a href=\"http:\/\/www.kw-pleissenburg.de\/wp-content\/uploads\/2017\/06\/1000_2.png\"><img loading=\"lazy\" decoding=\"async\" src=\"http:\/\/www.kw-pleissenburg.de\/wp-content\/uploads\/2017\/06\/1000_2.png\" alt=\"1000_2\" width=\"768\" height=\"1020\" class=\"aligncenter size-full wp-image-1578\" srcset=\"https:\/\/www.kw-pleissenburg.de\/wp-content\/uploads\/2017\/06\/1000_2.png 768w, https:\/\/www.kw-pleissenburg.de\/wp-content\/uploads\/2017\/06\/1000_2-226x300.png 226w\" sizes=\"auto, (max-width: 768px) 100vw, 768px\" \/><\/a><\/p>\n<p><a href=\"http:\/\/www.kw-pleissenburg.de\/wp-content\/uploads\/2017\/06\/1000_3.png\"><img loading=\"lazy\" decoding=\"async\" src=\"http:\/\/www.kw-pleissenburg.de\/wp-content\/uploads\/2017\/06\/1000_3.png\" alt=\"1000_3\" width=\"768\" height=\"1020\" class=\"aligncenter size-full wp-image-1579\" srcset=\"https:\/\/www.kw-pleissenburg.de\/wp-content\/uploads\/2017\/06\/1000_3.png 768w, https:\/\/www.kw-pleissenburg.de\/wp-content\/uploads\/2017\/06\/1000_3-226x300.png 226w\" sizes=\"auto, (max-width: 768px) 100vw, 768px\" \/><\/a><\/p>\n<p><a href=\"http:\/\/www.kw-pleissenburg.de\/wp-content\/uploads\/2017\/06\/1000_4.png\"><img loading=\"lazy\" decoding=\"async\" src=\"http:\/\/www.kw-pleissenburg.de\/wp-content\/uploads\/2017\/06\/1000_4.png\" alt=\"1000_4\" width=\"768\" height=\"1020\" class=\"aligncenter size-full wp-image-1580\" srcset=\"https:\/\/www.kw-pleissenburg.de\/wp-content\/uploads\/2017\/06\/1000_4.png 768w, https:\/\/www.kw-pleissenburg.de\/wp-content\/uploads\/2017\/06\/1000_4-226x300.png 226w\" sizes=\"auto, (max-width: 768px) 100vw, 768px\" \/><\/a><\/p>\n<p><a href=\"http:\/\/www.kw-pleissenburg.de\/wp-content\/uploads\/2017\/06\/1000_05.png\"><img loading=\"lazy\" decoding=\"async\" src=\"http:\/\/www.kw-pleissenburg.de\/wp-content\/uploads\/2017\/06\/1000_05.png\" alt=\"1000_05\" width=\"768\" height=\"1020\" class=\"aligncenter size-full wp-image-1581\" srcset=\"https:\/\/www.kw-pleissenburg.de\/wp-content\/uploads\/2017\/06\/1000_05.png 768w, https:\/\/www.kw-pleissenburg.de\/wp-content\/uploads\/2017\/06\/1000_05-226x300.png 226w\" sizes=\"auto, (max-width: 768px) 100vw, 768px\" \/><\/a><\/p>\n<p><a href=\"http:\/\/www.kw-pleissenburg.de\/wp-content\/uploads\/2017\/06\/1000_06.png\"><img loading=\"lazy\" decoding=\"async\" src=\"http:\/\/www.kw-pleissenburg.de\/wp-content\/uploads\/2017\/06\/1000_06.png\" alt=\"1000_06\" width=\"768\" height=\"1020\" class=\"aligncenter size-full wp-image-1577\" srcset=\"https:\/\/www.kw-pleissenburg.de\/wp-content\/uploads\/2017\/06\/1000_06.png 768w, https:\/\/www.kw-pleissenburg.de\/wp-content\/uploads\/2017\/06\/1000_06-226x300.png 226w\" sizes=\"auto, (max-width: 768px) 100vw, 768px\" \/><\/a><\/p>\n\n\n<p>Ebenfalls ein Bericht der LVZ vom 08.04.2002:<\/p>\n\n\n\n<figure class=\"wp-block-image\"><img loading=\"lazy\" decoding=\"async\" width=\"685\" height=\"1024\" src=\"https:\/\/www.kw-pleissenburg.de\/wp-content\/uploads\/2020\/01\/wampe_06.04.2002-685x1024.png\" alt=\"\" class=\"wp-image-2640\" srcset=\"https:\/\/www.kw-pleissenburg.de\/wp-content\/uploads\/2020\/01\/wampe_06.04.2002-685x1024.png 685w, https:\/\/www.kw-pleissenburg.de\/wp-content\/uploads\/2020\/01\/wampe_06.04.2002-201x300.png 201w, https:\/\/www.kw-pleissenburg.de\/wp-content\/uploads\/2020\/01\/wampe_06.04.2002-768x1147.png 768w, https:\/\/www.kw-pleissenburg.de\/wp-content\/uploads\/2020\/01\/wampe_06.04.2002.png 1020w\" sizes=\"auto, (max-width: 685px) 100vw, 685px\" \/><\/figure>\n","protected":false},"excerpt":{"rendered":"<p>2010 Sommertreffen &nbsp; 2009 seit 2009 gibt es wieder allj\u00e4hrlich einen Stand des MC Kuhle Wampe Pleissenburg auf der Motorradmesse Leipzig. &nbsp; 2004 zog unsere L\u00f6wenparty ein weiteres mal um.<\/p>\n","protected":false},"author":1,"featured_media":0,"parent":0,"menu_order":0,"comment_status":"open","ping_status":"open","template":"","meta":{"footnotes":""},"class_list":["post-1538","page","type-page","status-publish","hentry"],"_links":{"self":[{"href":"https:\/\/www.kw-pleissenburg.de\/index.php?rest_route=\/wp\/v2\/pages\/1538","targetHints":{"allow":["GET"]}}],"collection":[{"href":"https:\/\/www.kw-pleissenburg.de\/index.php?rest_route=\/wp\/v2\/pages"}],"about":[{"href":"https:\/\/www.kw-pleissenburg.de\/index.php?rest_route=\/wp\/v2\/types\/page"}],"author":[{"embeddable":true,"href":"https:\/\/www.kw-pleissenburg.de\/index.php?rest_route=\/wp\/v2\/users\/1"}],"replies":[{"embeddable":true,"href":"https:\/\/www.kw-pleissenburg.de\/index.php?rest_route=%2Fwp%2Fv2%2Fcomments&post=1538"}],"version-history":[{"count":11,"href":"https:\/\/www.kw-pleissenburg.de\/index.php?rest_route=\/wp\/v2\/pages\/1538\/revisions"}],"predecessor-version":[{"id":2641,"href":"https:\/\/www.kw-pleissenburg.de\/index.php?rest_route=\/wp\/v2\/pages\/1538\/revisions\/2641"}],"wp:attachment":[{"href":"https:\/\/www.kw-pleissenburg.de\/index.php?rest_route=%2Fwp%2Fv2%2Fmedia&parent=1538"}],"curies":[{"name":"wp","href":"https:\/\/api.w.org\/{rel}","templated":true}]}}