{"id":1536,"date":"2017-06-22T09:31:42","date_gmt":"2017-06-22T09:31:42","guid":{"rendered":"http:\/\/www.kw-pleissenburg.de\/?page_id=1536"},"modified":"2018-06-26T05:55:03","modified_gmt":"2018-06-26T05:55:03","slug":"1992-2000","status":"publish","type":"page","link":"https:\/\/www.kw-pleissenburg.de\/?page_id=1536","title":{"rendered":"1992 &#8211; 2000"},"content":{"rendered":"<p>Die ersten Anf\u00e4nge reichen noch in das Jahr 1992 zur\u00fcck. Udo, unser \u201cClubvater\u201d las in einer Motorradzeitschrift einen Artikel \u00fcber Kuhle Wampe, suchte und fand schnell einen Mitstreiter und fuhr im Mai 1992 das erste mal auf ein Kuhle-Wampe-Treffen \u2013 die Gr\u00fcndungsparty des MC Kuhle Wampe Berlin. Andere Treffen, u.a. Sommertreffen in Holzminden und die Verbandsratssitzung in Greifenstein, folgten. Bis zum Jahresende bestand unsere Initiative zur Gr\u00fcndung eines MC Kuhle Wampe Leipzig dann schon aus 8 Leuten.<\/p>\n<p><strong>1992<\/strong><\/p>\n<p>Ende 1992 bekamen wir auch Probleme mit einem in Leipzig ans\u00e4ssigen MC. Die Rocker \u201cbesuchten\u201d uns zu unserem w\u00f6chentlichen Billard-Stammtisch und erkl\u00e4rten uns, es gebe nur einen MC in Leipzig. Daraufhin wechselten wir das Lokal.<\/p>\n<p><strong>1993<\/strong><\/p>\n<p>Am 27.02.1993 war es dann so weit. Wir beschlossen unsere Clubgr\u00fcndung zum 1. M\u00e4rz 1993 und gaben uns den Namen Motorradclub Kuhle Wampe Plei\u00dfenburg. Im Sommer fuhren wir alle gemeinsam \u2013 11 Leute, 8 Motorr\u00e4der und 1 Auto (besser: 1 Trabi) f\u00fcr zwei Wochen in den Club-Urlaub. Die Tour f\u00fchrte uns durch Tschechien, die Slowakei und an den Balaton in Ungarn. F\u00fcr das erste Oktoberwochenende bereiteten wir unsere offizielle Gr\u00fcndungsparty mit unserer ersten Orientierungsfahrt vor. Kurz vorher gab es noch clubinternen Knatsch, so da\u00df Udo und Mammi beschlossen, den Club zu verlassen. Auf der Party bekamen wir wieder unangenehmen \u201cBesuch\u201d von den ortsans\u00e4ssigen \u201cRockersch\u201d \u2013 diesmal auch gar nicht mehr so friedlich gestimmt. Wenige Wochen sp\u00e4ter beschlossen die restlichen Mitglieder des Clubs, diesen wieder aufzul\u00f6sen. Schnelles Ende nach nicht einmal einem Jahr \u2013 Nein! Udo und Mammi machten nun weiter unter dem Namen KW Plei\u00dfenburg.<\/p>\n<p><strong>1994<\/strong><\/p>\n<p>Da wir uns nicht verbieten lassen wollten, machten wir im Mai unsere erste L\u00f6wenparty SOS-Aktion in Zwenkau und statteten unsererseits den Rockern einen Besuch ab, welcher die Probleme einvernehmlich beseitigte. Im Herbst folgte dann die 2. Leipziger Orientierungsfahrt.<\/p>\n<p><strong>1995<\/strong><\/p>\n<p>Zur Oster-Laut-und-L\u00e4stig-Fahrt in K\u00f6ln gab es zwei verdutzte Gesichter, die unabh\u00e4ngig voneinander im gro\u00dfen Pulk ein Motorrad mit Leipziger Kennzeichen entdeckten. So fand Norbert zu uns. Unsere L\u00f6wenparty etablierte sich als allj\u00e4hrliches Treffen unseres Clubs mit Orientierungsfahrt, die O-Fahrt im Herbst wurde k\u00fcnftig von den Meeranern organisiert.Mit unseren Motorr\u00e4dern erkundeten wir, mit nur wenigen bekannten Hinweisen versehen, eine von Leipzig nach Teplice f\u00fchrende Todesmarschstrecke von H\u00e4ftlingen aus Leipziger Konzentrations- und Zwangsarbeiterlagern.Wir demonstrieren in Hetendorf gegen das Heide-Heim der Nazis und machen erstmals Wochenendurlaub auf der Berg\u00fctte in Steinach.Auf dem Sommertreffen kochten wir Soljanka und fuhren im September zu den International Six Days Enduro im Riesengebirge.Die Regions-Sylvesterparty fand erstmals in Leipzig statt.<\/p>\n<p><strong>1996<\/strong><\/p>\n<p>Erstmals organisierte der Syburger Verlag die Motorrad Messe Leipzig. Wir hatten einen ganz tollen Stand mit dem rattigsten Mopped der ganzen Messe.Neben unserer L\u00f6wenparty etablierte sich die Grillfete als monatliches Event, auf der sich die Wampen der gesamten Region trafen.An einem sch\u00f6nen Sommertag machten wir gemeinsam mit den Lipsia Bikern eine Ausfahrt mit psycho-sozial gesch\u00e4digten Jugendlichen.Das Sommertreffen versorgten wir diesmal mit knedliki i raiskaja omatschka (Kn\u00f6del und Tomatenso\u00dfe), der RFO-Cup wurde ein voller Erfolg und im November unterst\u00fctzten wir die Leipziger Antifa bei einer Demonstration in Wurzen.<\/p>\n<p><strong>1997<\/strong><\/p>\n<p>fand die Oster-Laut-und-L\u00e4stig-Fahrt in K\u00f6ln zum letzten mal statt.Au\u00dferdem beteiligten wir uns aktiv an den Antifa-Aktionen gegen den Aufmarsch der NPD am 1. Mai in Leipzig. Zusammen mit unserem Motorradtreffen und einer Orientierungsfahrt wurde ein langes Treffenwochenende daraus.<\/p>\n<p><strong>1998<\/strong><\/p>\n<p>Auch in diesem Jahr verbanden wir unsere L\u00f6wenparty mit der Antifa-Demo zum 1. Mai gegen den NPD-Aufmarsch.<\/p>\n<p><strong>1999<\/strong><\/p>\n<p>Das vorerst letzte mal war der Leipziger Club mit einem eigenen Stand auf der Motorrad Messe Leipzig vertreten. Nach vier Messe-Jahren war einfach die Luft raus.Voller Erfolg f\u00fcr die Antifa, dieses Jahr marschierten die Nazis nicht vor dem V\u00f6lkerschlachtdenkmal auf. Unser Club beteiligte sich als Ordner am Konzert \u201cLeipzig. Courage zeigen\u201d.<\/p>\n<p><strong>2000<\/strong><\/p>\n<p>Unsere L\u00f6wenparty zog nach Thei\u00dfen bei Zeitz. Neue Strecken f\u00fcr Orientierungsfahrten erschlossen sich. Im Herbst trafen wir uns mit anderen Wampen auf der Enduro Zschopau 2000.<\/p>\n","protected":false},"excerpt":{"rendered":"<p>Die ersten Anf\u00e4nge reichen noch in das Jahr 1992 zur\u00fcck. Udo, unser \u201cClubvater\u201d las in einer Motorradzeitschrift einen Artikel \u00fcber Kuhle Wampe, suchte und fand schnell einen Mitstreiter und fuhr<\/p>\n","protected":false},"author":1,"featured_media":0,"parent":0,"menu_order":0,"comment_status":"open","ping_status":"open","template":"","meta":{"footnotes":""},"class_list":["post-1536","page","type-page","status-publish","hentry"],"_links":{"self":[{"href":"https:\/\/www.kw-pleissenburg.de\/index.php?rest_route=\/wp\/v2\/pages\/1536","targetHints":{"allow":["GET"]}}],"collection":[{"href":"https:\/\/www.kw-pleissenburg.de\/index.php?rest_route=\/wp\/v2\/pages"}],"about":[{"href":"https:\/\/www.kw-pleissenburg.de\/index.php?rest_route=\/wp\/v2\/types\/page"}],"author":[{"embeddable":true,"href":"https:\/\/www.kw-pleissenburg.de\/index.php?rest_route=\/wp\/v2\/users\/1"}],"replies":[{"embeddable":true,"href":"https:\/\/www.kw-pleissenburg.de\/index.php?rest_route=%2Fwp%2Fv2%2Fcomments&post=1536"}],"version-history":[{"count":4,"href":"https:\/\/www.kw-pleissenburg.de\/index.php?rest_route=\/wp\/v2\/pages\/1536\/revisions"}],"predecessor-version":[{"id":2313,"href":"https:\/\/www.kw-pleissenburg.de\/index.php?rest_route=\/wp\/v2\/pages\/1536\/revisions\/2313"}],"wp:attachment":[{"href":"https:\/\/www.kw-pleissenburg.de\/index.php?rest_route=%2Fwp%2Fv2%2Fmedia&parent=1536"}],"curies":[{"name":"wp","href":"https:\/\/api.w.org\/{rel}","templated":true}]}}